{"id":7650,"date":"2024-04-16T10:25:46","date_gmt":"2024-04-16T08:25:46","guid":{"rendered":"https:\/\/www.olcgs.org\/?page_id=7650"},"modified":"2024-04-16T11:15:30","modified_gmt":"2024-04-16T09:15:30","slug":"support-our-sisters","status":"publish","type":"page","link":"https:\/\/wwwtest.olcgs.org\/fr\/support-our-sisters\/","title":{"rendered":"support our sisters"},"content":{"rendered":"<div data-elementor-type=\"wp-page\" data-elementor-id=\"7650\" class=\"elementor elementor-7650\" data-elementor-post-type=\"page\">\n\t\t\t\t<div class=\"elementor-element elementor-element-0ed914e e-flex e-con-boxed e-con e-parent\" data-id=\"0ed914e\" data-element_type=\"container\" data-settings=\"{&quot;jet_parallax_layout_list&quot;:[],&quot;background_background&quot;:&quot;classic&quot;}\">\n\t\t\t\t\t<div class=\"e-con-inner\">\n\t\t\t\t<div class=\"elementor-element elementor-element-cf490ea elementor-invisible elementor-widget elementor-widget-heading\" data-id=\"cf490ea\" data-element_type=\"widget\" data-settings=\"{&quot;_animation&quot;:&quot;fadeInDown&quot;}\" data-widget_type=\"heading.default\">\n\t\t\t\t<div class=\"elementor-widget-container\">\n\t\t\t<h2 class=\"elementor-heading-title elementor-size-default\">Faites un don au Fonds Central de la Congr\u00e9gation<\/h2>\t\t<\/div>\n\t\t\t\t<\/div>\n\t\t\t\t<div class=\"elementor-element elementor-element-20350bc elementor-invisible elementor-widget elementor-widget-jet-breadcrumbs\" data-id=\"20350bc\" data-element_type=\"widget\" data-settings=\"{&quot;_animation&quot;:&quot;fadeIn&quot;,&quot;_animation_delay&quot;:900}\" data-widget_type=\"jet-breadcrumbs.default\">\n\t\t\t\t<div class=\"elementor-widget-container\">\n\t\t\t<div class=\"elementor-jet-breadcrumbs jet-blocks\">\n\t\t<div class=\"jet-breadcrumbs\">\n\t\t<div class=\"jet-breadcrumbs__content\">\n\t\t<div class=\"jet-breadcrumbs__wrap\"><div class=\"jet-breadcrumbs__item\"><a href=\"https:\/\/wwwtest.olcgs.org\/fr\/\" class=\"jet-breadcrumbs__item-link is-home\" rel=\"home\" title=\"Accueil\">Accueil<\/a><\/div>\n\t\t<\/div>\n\t\t<\/div>\n\t\t<\/div><\/div>\t\t<\/div>\n\t\t\t\t<\/div>\n\t\t\t\t\t<\/div>\n\t\t\t\t<\/div>\n\t\t<div class=\"elementor-element elementor-element-7e26f94 e-flex e-con-boxed e-con e-parent\" data-id=\"7e26f94\" data-element_type=\"container\" data-settings=\"{&quot;jet_parallax_layout_list&quot;:[]}\">\n\t\t\t\t\t<div class=\"e-con-inner\">\n\t\t\t\t<div class=\"elementor-element elementor-element-7b8a6f3 elementor-widget elementor-widget-heading\" data-id=\"7b8a6f3\" data-element_type=\"widget\" data-widget_type=\"heading.default\">\n\t\t\t\t<div class=\"elementor-widget-container\">\n\t\t\t<h2 class=\"elementor-heading-title elementor-size-default\">Support  Our Sisters<\/h2>\t\t<\/div>\n\t\t\t\t<\/div>\n\t\t\t\t\t<\/div>\n\t\t\t\t<\/div>\n\t\t<div class=\"elementor-element elementor-element-5faeda3 e-flex e-con-boxed e-con e-parent\" data-id=\"5faeda3\" data-element_type=\"container\" data-settings=\"{&quot;jet_parallax_layout_list&quot;:[]}\">\n\t\t\t\t\t<div class=\"e-con-inner\">\n\t\t<div class=\"elementor-element elementor-element-0f3eced e-con-full e-flex e-con e-child\" data-id=\"0f3eced\" data-element_type=\"container\" data-settings=\"{&quot;jet_parallax_layout_list&quot;:[]}\">\n\t\t\t\t<div class=\"elementor-element elementor-element-4c283e3 elementor-widget-laptop__width-initial elementor-widget elementor-widget-text-editor\" data-id=\"4c283e3\" data-element_type=\"widget\" data-widget_type=\"text-editor.default\">\n\t\t\t\t<div class=\"elementor-widget-container\">\n\t\t\t\t\t\t\t<p>Soutenez les communaut\u00e9s de s\u0153urs qui travaillent dans certains des endroits les plus n\u00e9cessiteux du monde. Votre don a un impact direct sur leurs efforts quotidiens de lutte contre la pauvret\u00e9 et l'injustice sociale en Afrique, en Asie et en Am\u00e9rique latine.<\/p><p>Gr\u00e2ce \u00e0 votre soutien, les s\u0153urs peuvent fournir des soins m\u00e9dicaux essentiels aux personnes \u00e2g\u00e9es et lancer des projets communautaires souvent n\u00e9glig\u00e9s par des initiatives plus importantes. Votre contribution devient une lueur d'espoir, permettant \u00e0 ces communaut\u00e9s de cr\u00e9er un changement durable de l'int\u00e9rieur.<\/p><p>Together, let&#8217;s make a difference where it&#8217;s needed most. Donate today and be a part of the global effort of our Congregation to empower and transform the lives of girls, women, and children in need.<\/p>\t\t\t\t\t\t<\/div>\n\t\t\t\t<\/div>\n\t\t\t\t<\/div>\n\t\t<div class=\"elementor-element elementor-element-5456633 e-con-full e-flex e-con e-child\" data-id=\"5456633\" data-element_type=\"container\" data-settings=\"{&quot;jet_parallax_layout_list&quot;:[]}\">\n\t\t\t\t<div class=\"elementor-element elementor-element-4c6e414 elementor-widget elementor-widget-image\" data-id=\"4c6e414\" data-element_type=\"widget\" data-widget_type=\"image.default\">\n\t\t\t\t<div class=\"elementor-widget-container\">\n\t\t\t\t\t\t\t\t\t\t\t\t\t<img fetchpriority=\"high\" decoding=\"async\" width=\"800\" height=\"800\" src=\"https:\/\/wwwtest.olcgs.org\/wp-content\/uploads\/2024\/01\/Picture-One-1-1024x1024.jpg\" class=\"attachment-large size-large wp-image-5929\" alt=\"\" srcset=\"https:\/\/wwwtest.olcgs.org\/wp-content\/uploads\/2024\/01\/Picture-One-1-1024x1024.jpg 1024w, https:\/\/wwwtest.olcgs.org\/wp-content\/uploads\/2024\/01\/Picture-One-1-300x300.jpg 300w, https:\/\/wwwtest.olcgs.org\/wp-content\/uploads\/2024\/01\/Picture-One-1-150x150.jpg 150w, https:\/\/wwwtest.olcgs.org\/wp-content\/uploads\/2024\/01\/Picture-One-1-768x768.jpg 768w, https:\/\/wwwtest.olcgs.org\/wp-content\/uploads\/2024\/01\/Picture-One-1-650x650.jpg 650w, https:\/\/wwwtest.olcgs.org\/wp-content\/uploads\/2024\/01\/Picture-One-1-1300x1300.jpg 1300w, https:\/\/wwwtest.olcgs.org\/wp-content\/uploads\/2024\/01\/Picture-One-1.jpg 1440w\" sizes=\"(max-width: 800px) 100vw, 800px\" \/>\t\t\t\t\t\t\t\t\t\t\t\t\t<\/div>\n\t\t\t\t<\/div>\n\t\t\t\t<\/div>\n\t\t\t\t\t<\/div>\n\t\t\t\t<\/div>\n\t\t<div class=\"elementor-element elementor-element-ae03f9c e-flex e-con-boxed e-con e-parent\" data-id=\"ae03f9c\" data-element_type=\"container\" data-settings=\"{&quot;background_background&quot;:&quot;classic&quot;,&quot;jet_parallax_layout_list&quot;:[]}\">\n\t\t\t\t\t<div class=\"e-con-inner\">\n\t\t\t\t<div class=\"elementor-element elementor-element-b9f562c elementor-widget elementor-widget-heading\" data-id=\"b9f562c\" data-element_type=\"widget\" data-widget_type=\"heading.default\">\n\t\t\t\t<div class=\"elementor-widget-container\">\n\t\t\t<h2 class=\"elementor-heading-title elementor-size-default\">By Bank Transfer<\/h2>\t\t<\/div>\n\t\t\t\t<\/div>\n\t\t\t\t\t<\/div>\n\t\t\t\t<\/div>\n\t\t<div class=\"elementor-element elementor-element-ba556d0 e-flex e-con-boxed e-con e-parent\" data-id=\"ba556d0\" data-element_type=\"container\" data-settings=\"{&quot;background_background&quot;:&quot;classic&quot;,&quot;jet_parallax_layout_list&quot;:[]}\">\n\t\t\t\t\t<div class=\"e-con-inner\">\n\t\t<div class=\"elementor-element elementor-element-10ee9c4 e-con-full e-flex e-con e-child\" data-id=\"10ee9c4\" data-element_type=\"container\" data-settings=\"{&quot;jet_parallax_layout_list&quot;:[]}\">\n\t\t\t\t<div class=\"elementor-element elementor-element-75fcc72 elementor-widget elementor-widget-heading\" data-id=\"75fcc72\" data-element_type=\"widget\" data-widget_type=\"heading.default\">\n\t\t\t\t<div class=\"elementor-widget-container\">\n\t\t\t<h2 class=\"elementor-heading-title elementor-size-default\">EURO Donation<\/h2>\t\t<\/div>\n\t\t\t\t<\/div>\n\t\t\t\t<div class=\"elementor-element elementor-element-514aaf3 elementor-widget-laptop__width-initial elementor-widget elementor-widget-text-editor\" data-id=\"514aaf3\" data-element_type=\"widget\" data-widget_type=\"text-editor.default\">\n\t\t\t\t<div class=\"elementor-widget-container\">\n\t\t\t\t\t\t\t<p><strong>Beneficiary account name<\/strong>:<br \/>CASA GEN SUORE DI NS SIG.RA DELLA CARITA BUON PASTORE<\/p><p><strong>Bank<\/strong>: Banca Popolare di Sondrio<br \/><strong>Account number<\/strong>: IT29M0569603207000007776X23<br \/><strong>BIC\/SWIFT<\/strong>: POSOIT22<\/p><p><strong>Reference<\/strong>:<br \/>Free donation to support the life of the Sisters of the Congregation<\/p>\t\t\t\t\t\t<\/div>\n\t\t\t\t<\/div>\n\t\t\t\t<\/div>\n\t\t<div class=\"elementor-element elementor-element-7455e9b e-con-full e-flex e-con e-child\" data-id=\"7455e9b\" data-element_type=\"container\" data-settings=\"{&quot;jet_parallax_layout_list&quot;:[]}\">\n\t\t\t\t<div class=\"elementor-element elementor-element-3c4a375 elementor-widget elementor-widget-heading\" data-id=\"3c4a375\" data-element_type=\"widget\" data-widget_type=\"heading.default\">\n\t\t\t\t<div class=\"elementor-widget-container\">\n\t\t\t<h2 class=\"elementor-heading-title elementor-size-default\">USD Donation<\/h2>\t\t<\/div>\n\t\t\t\t<\/div>\n\t\t\t\t<div class=\"elementor-element elementor-element-3dbac83 elementor-widget-laptop__width-initial elementor-widget elementor-widget-text-editor\" data-id=\"3dbac83\" data-element_type=\"widget\" data-widget_type=\"text-editor.default\">\n\t\t\t\t<div class=\"elementor-widget-container\">\n\t\t\t\t\t\t\t<p><strong>Beneficiary account name<\/strong>:<br \/>CASA GEN SUORE DI NS SIG.RA DELLA CARITA BUON PASTORE<\/p><p><strong>Bank<\/strong>: Banca Popolare di Sondrio<br \/><strong>Account number<\/strong>: IT48E0569603207VARUS0007776<br \/><strong>BIC\/SWIFT<\/strong>: POSOIT22<\/p><p><strong>Reference<\/strong>:<br \/>Free donation to support the life of the Sisters of the Congregation<\/p>\t\t\t\t\t\t<\/div>\n\t\t\t\t<\/div>\n\t\t\t\t<\/div>\n\t\t\t\t\t<\/div>\n\t\t\t\t<\/div>\n\t\t\t\t<\/div>","protected":false},"excerpt":{"rendered":"<p>Donate to the Central Fund Home Support Our Sisters Support the communities of sisters working in some of the world&#8217;s most needy places. Your donation directly impacts their daily efforts to fight poverty and social injustice in Africa, Asia, and Latin America. With your support, the sisters can provide crucial medical care to the elderly [&hellip;]<\/p>\n","protected":false},"author":1,"featured_media":0,"parent":0,"menu_order":0,"comment_status":"closed","ping_status":"closed","template":"elementor_header_footer","meta":{"footnotes":""},"class_list":["post-7650","page","type-page","status-publish","hentry"],"_links":{"self":[{"href":"https:\/\/wwwtest.olcgs.org\/fr\/wp-json\/wp\/v2\/pages\/7650","targetHints":{"allow":["GET"]}}],"collection":[{"href":"https:\/\/wwwtest.olcgs.org\/fr\/wp-json\/wp\/v2\/pages"}],"about":[{"href":"https:\/\/wwwtest.olcgs.org\/fr\/wp-json\/wp\/v2\/types\/page"}],"author":[{"embeddable":true,"href":"https:\/\/wwwtest.olcgs.org\/fr\/wp-json\/wp\/v2\/users\/1"}],"replies":[{"embeddable":true,"href":"https:\/\/wwwtest.olcgs.org\/fr\/wp-json\/wp\/v2\/comments?post=7650"}],"version-history":[{"count":35,"href":"https:\/\/wwwtest.olcgs.org\/fr\/wp-json\/wp\/v2\/pages\/7650\/revisions"}],"predecessor-version":[{"id":7714,"href":"https:\/\/wwwtest.olcgs.org\/fr\/wp-json\/wp\/v2\/pages\/7650\/revisions\/7714"}],"wp:attachment":[{"href":"https:\/\/wwwtest.olcgs.org\/fr\/wp-json\/wp\/v2\/media?parent=7650"}],"curies":[{"name":"wp","href":"https:\/\/api.w.org\/{rel}","templated":true}]}}