{"id":4342,"date":"2024-01-03T09:24:55","date_gmt":"2024-01-03T08:24:55","guid":{"rendered":"https:\/\/www.olcgs.org\/?page_id=4342"},"modified":"2024-09-12T17:11:12","modified_gmt":"2024-09-12T15:11:12","slug":"justice-and-peace-office","status":"publish","type":"page","link":"https:\/\/wwwtest.olcgs.org\/fr\/justice-and-peace-office\/","title":{"rendered":"Bureau International Justice et Paix"},"content":{"rendered":"<div data-elementor-type=\"wp-page\" data-elementor-id=\"4342\" class=\"elementor elementor-4342\" data-elementor-post-type=\"page\">\n\t\t\t\t<div class=\"elementor-element elementor-element-91dbb51 e-flex e-con-boxed e-con e-parent\" data-id=\"91dbb51\" data-element_type=\"container\" data-settings=\"{&quot;jet_parallax_layout_list&quot;:[],&quot;background_background&quot;:&quot;classic&quot;}\">\n\t\t\t\t\t<div class=\"e-con-inner\">\n\t\t\t\t<div class=\"elementor-element elementor-element-cdd2c86 elementor-widget__width-initial elementor-invisible elementor-widget elementor-widget-heading\" data-id=\"cdd2c86\" data-element_type=\"widget\" data-settings=\"{&quot;_animation&quot;:&quot;fadeInDown&quot;}\" data-widget_type=\"heading.default\">\n\t\t\t\t<div class=\"elementor-widget-container\">\n\t\t\t<h2 class=\"elementor-heading-title elementor-size-default\">Bureau International Justice et Paix du Bon Pasteur<\/h2>\t\t<\/div>\n\t\t\t\t<\/div>\n\t\t\t\t<div class=\"elementor-element elementor-element-19bf56e elementor-invisible elementor-widget elementor-widget-jet-breadcrumbs\" data-id=\"19bf56e\" data-element_type=\"widget\" data-settings=\"{&quot;_animation&quot;:&quot;fadeIn&quot;,&quot;_animation_delay&quot;:900}\" data-widget_type=\"jet-breadcrumbs.default\">\n\t\t\t\t<div class=\"elementor-widget-container\">\n\t\t\t<div class=\"elementor-jet-breadcrumbs jet-blocks\">\n\t\t<div class=\"jet-breadcrumbs\">\n\t\t<div class=\"jet-breadcrumbs__content\">\n\t\t<div class=\"jet-breadcrumbs__wrap\"><div class=\"jet-breadcrumbs__item\"><a href=\"https:\/\/wwwtest.olcgs.org\/fr\/\" class=\"jet-breadcrumbs__item-link is-home\" rel=\"home\" title=\"Accueil\">Accueil<\/a><\/div>\n\t\t<\/div>\n\t\t<\/div>\n\t\t<\/div><\/div>\t\t<\/div>\n\t\t\t\t<\/div>\n\t\t\t\t\t<\/div>\n\t\t\t\t<\/div>\n\t\t<div class=\"elementor-element elementor-element-080b405 e-flex e-con-boxed elementor-invisible e-con e-parent\" data-id=\"080b405\" data-element_type=\"container\" data-settings=\"{&quot;jet_parallax_layout_list&quot;:[],&quot;animation&quot;:&quot;fadeInUp&quot;}\">\n\t\t\t\t\t<div class=\"e-con-inner\">\n\t\t<div class=\"elementor-element elementor-element-f7a5aac e-con-full e-flex e-con e-child\" data-id=\"f7a5aac\" data-element_type=\"container\" data-settings=\"{&quot;jet_parallax_layout_list&quot;:[]}\">\n\t\t\t\t<div class=\"elementor-element elementor-element-8740d41 elementor-widget elementor-widget-heading\" data-id=\"8740d41\" data-element_type=\"widget\" data-widget_type=\"heading.default\">\n\t\t\t\t<div class=\"elementor-widget-container\">\n\t\t\t<h2 class=\"elementor-heading-title elementor-size-default\">Bureau International Justice et Paix du Bon Pasteur <\/h2>\t\t<\/div>\n\t\t\t\t<\/div>\n\t\t\t\t<div class=\"elementor-element elementor-element-9f724f3 elementor-widget elementor-widget-text-editor\" data-id=\"9f724f3\" data-element_type=\"widget\" data-widget_type=\"text-editor.default\">\n\t\t\t\t<div class=\"elementor-widget-container\">\n\t\t\t\t\t\t\t<div class=\"page\" title=\"Page 3\"><div class=\"section\"><div class=\"layoutArea\"><div class=\"column\"><p style=\"caret-color: #000000; color: #000000; letter-spacing: normal;\">En tant qu'ONG dot\u00e9e du statut consultatif sp\u00e9cial aupr\u00e8s du Conseil Economique et Social (ECOSOC) des Nations Unies, la Congr\u00e9gation dispose depuis 1996 d'une repr\u00e9sentation officielle aupr\u00e8s des bureaux des Nations Unies \u00e0 New York et de r\u00e9seaux li\u00e9s \u00e0 l'ONU \u00e0 Gen\u00e8ve et \u00e0 Vienne. Cet engagement important est men\u00e9 \u00e0 travers notre Bureau International Justice et Paix du Bon Pasteur.<\/p><p style=\"caret-color: #000000; color: #000000; letter-spacing: normal;\">Ce statut donne \u00e0 notre bureau IJPBP \u2013 au nom de la Congr\u00e9gation et de l'\u00e9quipe de Leaderhip de la Congr\u00e9gation \u2013 tous les droits pour assister \u00e0 des \u00e9v\u00e9nements et programmes affili\u00e9s \u00e0 l'ONU, fournir des d\u00e9clarations orales et \u00e9crites au Conseil \u00e9conomique et social et s'engager aupr\u00e8s des missions permanentes, des missions d'observation, et les institutions affili\u00e9es \u00e0 l\u2019ONU. Le Bureau sert d\u2019organe central \u00e0 la Congr\u00e9gation, responsable des questions li\u00e9es \u00e0 la justice, \u00e0 la paix et \u00e0 l\u2019int\u00e9grit\u00e9 de la cr\u00e9ation.<\/p><\/div><\/div><\/div><\/div>\t\t\t\t\t\t<\/div>\n\t\t\t\t<\/div>\n\t\t\t\t<div class=\"elementor-element elementor-element-10081b3 elementor-widget elementor-widget-heading\" data-id=\"10081b3\" data-element_type=\"widget\" data-widget_type=\"heading.default\">\n\t\t\t\t<div class=\"elementor-widget-container\">\n\t\t\t<h2 class=\"elementor-heading-title elementor-size-default\">Une culture universelle de la justice<\/h2>\t\t<\/div>\n\t\t\t\t<\/div>\n\t\t\t\t<div class=\"elementor-element elementor-element-476bb7c elementor-widget elementor-widget-text-editor\" data-id=\"476bb7c\" data-element_type=\"widget\" data-widget_type=\"text-editor.default\">\n\t\t\t\t<div class=\"elementor-widget-container\">\n\t\t\t\t\t\t\t<p>Gr\u00e2ce \u00e0 notre travail de plaidoyer, \u00e9clair\u00e9 par nos six prises de position, nous influen\u00e7ons les politiques sur les questions de d\u00e9veloppement \u00e9conomique, social et environnemental aux plus hauts niveaux politiques. Nous collaborons et travaillons en r\u00e9seau avec des organisations gouvernementales et non gouvernementales pour promouvoir une culture universelle de justice et plaider en faveur de changements de politiques qui excluent et de syst\u00e8mes qui d\u00e9shumanisent.<\/p><p>L'actuelle repr\u00e9sentante principale de l'ONG et directrice du BIJPBP \u00e0 New York est S\u0153ur Winifred Doherty (Irlande). Sr Winifred, avec sa coll\u00e8gue Kimberly Happich Moloche, dirigent l'\u00e9quipe avec Sr Ernestine Lalao, repr\u00e9sentante r\u00e9gionale des ONG pour l'Afrique, en collaboration avec la Fondation internationale du Bon Pasteur et les missions du Bon Pasteur \u00e0 travers le monde.<\/p>\t\t\t\t\t\t<\/div>\n\t\t\t\t<\/div>\n\t\t\t\t<div class=\"elementor-element elementor-element-90043f9 elementor-widget-divider--view-line elementor-widget elementor-widget-divider\" data-id=\"90043f9\" data-element_type=\"widget\" data-widget_type=\"divider.default\">\n\t\t\t\t<div class=\"elementor-widget-container\">\n\t\t\t\t\t<div class=\"elementor-divider\">\n\t\t\t<span class=\"elementor-divider-separator\">\n\t\t\t\t\t\t<\/span>\n\t\t<\/div>\n\t\t\t\t<\/div>\n\t\t\t\t<\/div>\n\t\t<div class=\"elementor-element elementor-element-3819b0e e-flex e-con-boxed e-con e-child\" data-id=\"3819b0e\" data-element_type=\"container\" data-settings=\"{&quot;background_background&quot;:&quot;classic&quot;,&quot;jet_parallax_layout_list&quot;:[]}\">\n\t\t\t\t\t<div class=\"e-con-inner\">\n\t\t\t\t<div class=\"elementor-element elementor-element-6823734 elementor-widget elementor-widget-text-editor\" data-id=\"6823734\" data-element_type=\"widget\" data-widget_type=\"text-editor.default\">\n\t\t\t\t<div class=\"elementor-widget-container\">\n\t\t\t\t\t\t\t<p>Suivez le bureau IJPBP sur<\/p>\t\t\t\t\t\t<\/div>\n\t\t\t\t<\/div>\n\t\t\t\t<div class=\"elementor-element elementor-element-048df6c e-grid-align-left elementor-shape-rounded elementor-grid-0 elementor-widget elementor-widget-social-icons\" data-id=\"048df6c\" data-element_type=\"widget\" data-widget_type=\"social-icons.default\">\n\t\t\t\t<div class=\"elementor-widget-container\">\n\t\t\t\t\t<div class=\"elementor-social-icons-wrapper elementor-grid\">\n\t\t\t\t\t\t\t<span class=\"elementor-grid-item\">\n\t\t\t\t\t<a class=\"elementor-icon elementor-social-icon elementor-social-icon-facebook elementor-repeater-item-58988c2\" href=\"https:\/\/www.facebook.com\/GSIJP\" target=\"_blank\">\n\t\t\t\t\t\t<span class=\"elementor-screen-only\">Facebook<\/span>\n\t\t\t\t\t\t<svg class=\"e-font-icon-svg e-fab-facebook\" viewbox=\"0 0 512 512\" xmlns=\"http:\/\/www.w3.org\/2000\/svg\"><path d=\"M504 256C504 119 393 8 256 8S8 119 8 256c0 123.78 90.69 226.38 209.25 245V327.69h-63V256h63v-54.64c0-62.15 37-96.48 93.67-96.48 27.14 0 55.52 4.84 55.52 4.84v61h-31.28c-30.8 0-40.41 19.12-40.41 38.73V256h68.78l-11 71.69h-57.78V501C413.31 482.38 504 379.78 504 256z\"><\/path><\/svg>\t\t\t\t\t<\/a>\n\t\t\t\t<\/span>\n\t\t\t\t\t\t\t<span class=\"elementor-grid-item\">\n\t\t\t\t\t<a class=\"elementor-icon elementor-social-icon elementor-social-icon-twitter elementor-repeater-item-88a7d9a\" href=\"https:\/\/twitter.com\/gsijp\" target=\"_blank\">\n\t\t\t\t\t\t<span class=\"elementor-screen-only\">Twitter<\/span>\n\t\t\t\t\t\t<svg class=\"e-font-icon-svg e-fab-twitter\" viewbox=\"0 0 512 512\" xmlns=\"http:\/\/www.w3.org\/2000\/svg\"><path d=\"M459.37 151.716c.325 4.548.325 9.097.325 13.645 0 138.72-105.583 298.558-298.558 298.558-59.452 0-114.68-17.219-161.137-47.106 8.447.974 16.568 1.299 25.34 1.299 49.055 0 94.213-16.568 130.274-44.832-46.132-.975-84.792-31.188-98.112-72.772 6.498.974 12.995 1.624 19.818 1.624 9.421 0 18.843-1.3 27.614-3.573-48.081-9.747-84.143-51.98-84.143-102.985v-1.299c13.969 7.797 30.214 12.67 47.431 13.319-28.264-18.843-46.781-51.005-46.781-87.391 0-19.492 5.197-37.36 14.294-52.954 51.655 63.675 129.3 105.258 216.365 109.807-1.624-7.797-2.599-15.918-2.599-24.04 0-57.828 46.782-104.934 104.934-104.934 30.213 0 57.502 12.67 76.67 33.137 23.715-4.548 46.456-13.32 66.599-25.34-7.798 24.366-24.366 44.833-46.132 57.827 21.117-2.273 41.584-8.122 60.426-16.243-14.292 20.791-32.161 39.308-52.628 54.253z\"><\/path><\/svg>\t\t\t\t\t<\/a>\n\t\t\t\t<\/span>\n\t\t\t\t\t<\/div>\n\t\t\t\t<\/div>\n\t\t\t\t<\/div>\n\t\t\t\t\t<\/div>\n\t\t\t\t<\/div>\n\t\t\t\t<\/div>\n\t\t<div class=\"elementor-element elementor-element-81df597 e-con-full e-flex e-con e-child\" data-id=\"81df597\" data-element_type=\"container\" data-settings=\"{&quot;jet_parallax_layout_list&quot;:[]}\">\n\t\t\t\t<div class=\"elementor-element elementor-element-d3b5568 elementor-widget elementor-widget-image\" data-id=\"d3b5568\" data-element_type=\"widget\" data-widget_type=\"image.default\">\n\t\t\t\t<div class=\"elementor-widget-container\">\n\t\t\t\t\t\t\t\t\t\t\t\t\t<img fetchpriority=\"high\" decoding=\"async\" width=\"652\" height=\"652\" src=\"https:\/\/wwwtest.olcgs.org\/wp-content\/uploads\/2024\/09\/JP-logo-English.png\" class=\"attachment-large size-large wp-image-9991\" alt=\"\" srcset=\"https:\/\/wwwtest.olcgs.org\/wp-content\/uploads\/2024\/09\/JP-logo-English.png 652w, https:\/\/wwwtest.olcgs.org\/wp-content\/uploads\/2024\/09\/JP-logo-English-300x300.png 300w, https:\/\/wwwtest.olcgs.org\/wp-content\/uploads\/2024\/09\/JP-logo-English-150x150.png 150w, https:\/\/wwwtest.olcgs.org\/wp-content\/uploads\/2024\/09\/JP-logo-English-12x12.png 12w, https:\/\/wwwtest.olcgs.org\/wp-content\/uploads\/2024\/09\/JP-logo-English-650x650.png 650w\" sizes=\"(max-width: 652px) 100vw, 652px\" \/>\t\t\t\t\t\t\t\t\t\t\t\t\t<\/div>\n\t\t\t\t<\/div>\n\t\t\t\t<\/div>\n\t\t\t\t\t<\/div>\n\t\t\t\t<\/div>\n\t\t<div class=\"elementor-element elementor-element-bc033a0 e-flex e-con-boxed e-con e-parent\" data-id=\"bc033a0\" data-element_type=\"container\" data-settings=\"{&quot;jet_parallax_layout_list&quot;:[],&quot;background_background&quot;:&quot;classic&quot;}\">\n\t\t\t\t\t<div class=\"e-con-inner\">\n\t\t<div class=\"elementor-element elementor-element-3a73601 e-con-full e-flex e-con e-child\" data-id=\"3a73601\" data-element_type=\"container\" data-settings=\"{&quot;jet_parallax_layout_list&quot;:[]}\">\n\t\t\t\t<div class=\"elementor-element elementor-element-2a43410 elementor-widget elementor-widget-image\" data-id=\"2a43410\" data-element_type=\"widget\" data-widget_type=\"image.default\">\n\t\t\t\t<div class=\"elementor-widget-container\">\n\t\t\t\t\t\t\t\t\t\t\t\t\t<img decoding=\"async\" width=\"617\" height=\"617\" src=\"https:\/\/wwwtest.olcgs.org\/wp-content\/uploads\/2024\/01\/GSIJP-Transparent-White-Background.png\" class=\"attachment-large size-large wp-image-4374\" alt=\"\" srcset=\"https:\/\/wwwtest.olcgs.org\/wp-content\/uploads\/2024\/01\/GSIJP-Transparent-White-Background.png 617w, https:\/\/wwwtest.olcgs.org\/wp-content\/uploads\/2024\/01\/GSIJP-Transparent-White-Background-300x300.png 300w, https:\/\/wwwtest.olcgs.org\/wp-content\/uploads\/2024\/01\/GSIJP-Transparent-White-Background-150x150.png 150w\" sizes=\"(max-width: 617px) 100vw, 617px\" \/>\t\t\t\t\t\t\t\t\t\t\t\t\t<\/div>\n\t\t\t\t<\/div>\n\t\t\t\t<\/div>\n\t\t<div class=\"elementor-element elementor-element-0f1ea90 e-con-full e-flex e-con e-child\" data-id=\"0f1ea90\" data-element_type=\"container\" data-settings=\"{&quot;jet_parallax_layout_list&quot;:[]}\">\n\t\t\t\t<div class=\"elementor-element elementor-element-252caeb elementor-widget elementor-widget-text-editor\" data-id=\"252caeb\" data-element_type=\"widget\" data-widget_type=\"text-editor.default\">\n\t\t\t\t<div class=\"elementor-widget-container\">\n\t\t\t\t\t\t\t<p>Notre vision est celle d\u2019un monde impr\u00e9gn\u00e9 de l\u2019amour de Dieu, o\u00f9 la justice et les droits humains donnent de la dignit\u00e9 \u00e0 chaque fille, femme et enfant. Nous pr\u00e9conisons de changer les politiques qui excluent et les syst\u00e8mes qui d\u00e9shumanisent.<\/p>\t\t\t\t\t\t<\/div>\n\t\t\t\t<\/div>\n\t\t\t\t<\/div>\n\t\t\t\t\t<\/div>\n\t\t\t\t<\/div>\n\t\t\t\t<\/div>","protected":false},"excerpt":{"rendered":"<p>Good Shepherd International Justice and Peace Office Home Good Shepherd International Justice and Peace Office As an NGO in Special Consultative Status with the Economic and Social Council (ECOSOC) of the United Nations, since 1996, the Congregation has official representation at the United Nations Offices in New York and networks linked with the UN in [&hellip;]<\/p>\n","protected":false},"author":1,"featured_media":0,"parent":0,"menu_order":0,"comment_status":"closed","ping_status":"closed","template":"elementor_header_footer","meta":{"footnotes":""},"class_list":["post-4342","page","type-page","status-publish","hentry"],"_links":{"self":[{"href":"https:\/\/wwwtest.olcgs.org\/fr\/wp-json\/wp\/v2\/pages\/4342","targetHints":{"allow":["GET"]}}],"collection":[{"href":"https:\/\/wwwtest.olcgs.org\/fr\/wp-json\/wp\/v2\/pages"}],"about":[{"href":"https:\/\/wwwtest.olcgs.org\/fr\/wp-json\/wp\/v2\/types\/page"}],"author":[{"embeddable":true,"href":"https:\/\/wwwtest.olcgs.org\/fr\/wp-json\/wp\/v2\/users\/1"}],"replies":[{"embeddable":true,"href":"https:\/\/wwwtest.olcgs.org\/fr\/wp-json\/wp\/v2\/comments?post=4342"}],"version-history":[{"count":58,"href":"https:\/\/wwwtest.olcgs.org\/fr\/wp-json\/wp\/v2\/pages\/4342\/revisions"}],"predecessor-version":[{"id":10015,"href":"https:\/\/wwwtest.olcgs.org\/fr\/wp-json\/wp\/v2\/pages\/4342\/revisions\/10015"}],"wp:attachment":[{"href":"https:\/\/wwwtest.olcgs.org\/fr\/wp-json\/wp\/v2\/media?parent=4342"}],"curies":[{"name":"wp","href":"https:\/\/api.w.org\/{rel}","templated":true}]}}