{"id":4125,"date":"2023-12-06T21:32:38","date_gmt":"2023-12-06T20:32:38","guid":{"rendered":"https:\/\/www.olcgs.org\/?page_id=4125"},"modified":"2024-04-19T17:57:49","modified_gmt":"2024-04-19T15:57:49","slug":"get-involved","status":"publish","type":"page","link":"https:\/\/wwwtest.olcgs.org\/fr\/get-involved\/","title":{"rendered":"Impliquez-vous"},"content":{"rendered":"<div data-elementor-type=\"wp-page\" data-elementor-id=\"4125\" class=\"elementor elementor-4125\" data-elementor-post-type=\"page\">\n\t\t\t\t<div class=\"elementor-element elementor-element-0ed914e e-flex e-con-boxed e-con e-parent\" data-id=\"0ed914e\" data-element_type=\"container\" data-settings=\"{&quot;jet_parallax_layout_list&quot;:[],&quot;background_background&quot;:&quot;classic&quot;}\">\n\t\t\t\t\t<div class=\"e-con-inner\">\n\t\t\t\t<div class=\"elementor-element elementor-element-cf490ea elementor-invisible elementor-widget elementor-widget-heading\" data-id=\"cf490ea\" data-element_type=\"widget\" data-settings=\"{&quot;_animation&quot;:&quot;fadeInDown&quot;}\" data-widget_type=\"heading.default\">\n\t\t\t\t<div class=\"elementor-widget-container\">\n\t\t\t<h2 class=\"elementor-heading-title elementor-size-default\">Impliquez-vous<\/h2>\t\t<\/div>\n\t\t\t\t<\/div>\n\t\t\t\t<div class=\"elementor-element elementor-element-20350bc elementor-invisible elementor-widget elementor-widget-jet-breadcrumbs\" data-id=\"20350bc\" data-element_type=\"widget\" data-settings=\"{&quot;_animation&quot;:&quot;fadeIn&quot;,&quot;_animation_delay&quot;:900}\" data-widget_type=\"jet-breadcrumbs.default\">\n\t\t\t\t<div class=\"elementor-widget-container\">\n\t\t\t<div class=\"elementor-jet-breadcrumbs jet-blocks\">\n\t\t<div class=\"jet-breadcrumbs\">\n\t\t<div class=\"jet-breadcrumbs__content\">\n\t\t<div class=\"jet-breadcrumbs__wrap\"><div class=\"jet-breadcrumbs__item\"><a href=\"https:\/\/wwwtest.olcgs.org\/fr\/\" class=\"jet-breadcrumbs__item-link is-home\" rel=\"home\" title=\"Accueil\">Accueil<\/a><\/div>\n\t\t<\/div>\n\t\t<\/div>\n\t\t<\/div><\/div>\t\t<\/div>\n\t\t\t\t<\/div>\n\t\t\t\t\t<\/div>\n\t\t\t\t<\/div>\n\t\t<div class=\"elementor-element elementor-element-7e26f94 e-flex e-con-boxed e-con e-parent\" data-id=\"7e26f94\" data-element_type=\"container\" data-settings=\"{&quot;jet_parallax_layout_list&quot;:[]}\">\n\t\t\t\t\t<div class=\"e-con-inner\">\n\t\t\t\t<div class=\"elementor-element elementor-element-7b8a6f3 elementor-widget elementor-widget-heading\" data-id=\"7b8a6f3\" data-element_type=\"widget\" data-widget_type=\"heading.default\">\n\t\t\t\t<div class=\"elementor-widget-container\">\n\t\t\t<h2 class=\"elementor-heading-title elementor-size-default\">Devenez s\u0153ur<\/h2>\t\t<\/div>\n\t\t\t\t<\/div>\n\t\t\t\t\t<\/div>\n\t\t\t\t<\/div>\n\t\t<div class=\"elementor-element elementor-element-5faeda3 e-flex e-con-boxed e-con e-parent\" data-id=\"5faeda3\" data-element_type=\"container\" data-settings=\"{&quot;jet_parallax_layout_list&quot;:[]}\">\n\t\t\t\t\t<div class=\"e-con-inner\">\n\t\t<div class=\"elementor-element elementor-element-0f3eced e-con-full e-flex e-con e-child\" data-id=\"0f3eced\" data-element_type=\"container\" data-settings=\"{&quot;jet_parallax_layout_list&quot;:[]}\">\n\t\t\t\t<div class=\"elementor-element elementor-element-4c283e3 elementor-widget-laptop__width-initial elementor-widget elementor-widget-text-editor\" data-id=\"4c283e3\" data-element_type=\"widget\" data-widget_type=\"text-editor.default\">\n\t\t\t\t<div class=\"elementor-widget-container\">\n\t\t\t\t\t\t\t<p>\u00cates-vous appel\u00e9e \u00e0 consacrer votre vie \u00e0 la mission de Notre-Dame de Charit\u00e9 du Bon Pasteur ? Votre pri\u00e8re ou votre action peuvent-elles \u00eatre une source de force pour ceux que nous servons ? Vous pouvez \u00eatre une source d'inspiration et un agent de changement positif dans nos missions en mati\u00e8re d'\u00e9ducation et de formation, de services sociaux, de plaidoyer et de sensibilisation, d\u2019aum\u00f4nerie de prison, de d\u00e9veloppement de la jeunesse et de nombreux autres programmes de sensibilisation qui soutiennent et autonomisent les personnes en marge de la soci\u00e9t\u00e9, les plus vuln\u00e9rables. filles, femmes et enfants.<\/p><p>Si vous ressentez un appel au plus profond de vous et que Dieu vous incite \u00e0 rejoindre notre mission, nous vous invitons \u00e0 entrer en conversation plus personnelle avec nous. Voyez avec nous si vous \u00eates appel\u00e9e \u00e0 partager notre vie de s\u0153ur apostolique ou contemplative. Nous vous invitons \u00e0 contacter la directrice des vocations la plus proche de vous ou \u00e0 envoyer un e-mail \u00e0 <a href=\"mailto:vocations@gssweb.org\">vocations@gssweb.org<\/a><\/p>\t\t\t\t\t\t<\/div>\n\t\t\t\t<\/div>\n\t\t\t\t<div class=\"elementor-element elementor-element-2c0da48 elementor-hidden-desktop elementor-hidden-laptop elementor-hidden-tablet elementor-hidden-mobile elementor-widget elementor-widget-button\" data-id=\"2c0da48\" data-element_type=\"widget\" data-widget_type=\"button.default\">\n\t\t\t\t<div class=\"elementor-widget-container\">\n\t\t\t\t\t<div class=\"elementor-button-wrapper\">\n\t\t\t<a class=\"elementor-button elementor-button-link elementor-size-sm\" href=\"mailto:vocations@gssweb.org\">\n\t\t\t\t\t\t<span class=\"elementor-button-content-wrapper\">\n\t\t\t\t\t\t\t\t\t<span class=\"elementor-button-text\">CONTACTEZ-NOUS<\/span>\n\t\t\t\t\t<\/span>\n\t\t\t\t\t<\/a>\n\t\t<\/div>\n\t\t\t\t<\/div>\n\t\t\t\t<\/div>\n\t\t\t\t<\/div>\n\t\t<div class=\"elementor-element elementor-element-5456633 e-con-full e-flex e-con e-child\" data-id=\"5456633\" data-element_type=\"container\" data-settings=\"{&quot;jet_parallax_layout_list&quot;:[]}\">\n\t\t\t\t<div class=\"elementor-element elementor-element-4c6e414 elementor-widget elementor-widget-image\" data-id=\"4c6e414\" data-element_type=\"widget\" data-widget_type=\"image.default\">\n\t\t\t\t<div class=\"elementor-widget-container\">\n\t\t\t\t\t\t\t\t\t\t\t\t\t<img fetchpriority=\"high\" decoding=\"async\" width=\"800\" height=\"800\" src=\"https:\/\/wwwtest.olcgs.org\/wp-content\/uploads\/2024\/01\/Picture-One-1-1024x1024.jpg\" class=\"attachment-large size-large wp-image-5929\" alt=\"\" srcset=\"https:\/\/wwwtest.olcgs.org\/wp-content\/uploads\/2024\/01\/Picture-One-1-1024x1024.jpg 1024w, https:\/\/wwwtest.olcgs.org\/wp-content\/uploads\/2024\/01\/Picture-One-1-300x300.jpg 300w, https:\/\/wwwtest.olcgs.org\/wp-content\/uploads\/2024\/01\/Picture-One-1-150x150.jpg 150w, https:\/\/wwwtest.olcgs.org\/wp-content\/uploads\/2024\/01\/Picture-One-1-768x768.jpg 768w, https:\/\/wwwtest.olcgs.org\/wp-content\/uploads\/2024\/01\/Picture-One-1-650x650.jpg 650w, https:\/\/wwwtest.olcgs.org\/wp-content\/uploads\/2024\/01\/Picture-One-1-1300x1300.jpg 1300w, https:\/\/wwwtest.olcgs.org\/wp-content\/uploads\/2024\/01\/Picture-One-1.jpg 1440w\" sizes=\"(max-width: 800px) 100vw, 800px\" \/>\t\t\t\t\t\t\t\t\t\t\t\t\t<\/div>\n\t\t\t\t<\/div>\n\t\t\t\t<\/div>\n\t\t\t\t\t<\/div>\n\t\t\t\t<\/div>\n\t\t<div class=\"elementor-element elementor-element-083cfe2 e-flex e-con-boxed e-con e-parent\" data-id=\"083cfe2\" data-element_type=\"container\" data-settings=\"{&quot;jet_parallax_layout_list&quot;:[]}\">\n\t\t\t\t\t<div class=\"e-con-inner\">\n\t\t\t\t<div class=\"elementor-element elementor-element-c118c2e elementor-widget elementor-widget-heading\" data-id=\"c118c2e\" data-element_type=\"widget\" data-widget_type=\"heading.default\">\n\t\t\t\t<div class=\"elementor-widget-container\">\n\t\t\t<h2 class=\"elementor-heading-title elementor-size-default\">Devenez partenaire dans la mission<\/h2>\t\t<\/div>\n\t\t\t\t<\/div>\n\t\t\t\t\t<\/div>\n\t\t\t\t<\/div>\n\t\t<div class=\"elementor-element elementor-element-b8dc2e5 e-flex e-con-boxed e-con e-parent\" data-id=\"b8dc2e5\" data-element_type=\"container\" data-settings=\"{&quot;jet_parallax_layout_list&quot;:[]}\">\n\t\t\t\t\t<div class=\"e-con-inner\">\n\t\t<div class=\"elementor-element elementor-element-57c9102 e-con-full e-flex e-con e-child\" data-id=\"57c9102\" data-element_type=\"container\" data-settings=\"{&quot;jet_parallax_layout_list&quot;:[]}\">\n\t\t\t\t<div class=\"elementor-element elementor-element-8cdbb2c elementor-widget-laptop__width-initial elementor-widget elementor-widget-text-editor\" data-id=\"8cdbb2c\" data-element_type=\"widget\" data-widget_type=\"text-editor.default\">\n\t\t\t\t<div class=\"elementor-widget-container\">\n\t\t\t\t\t\t\t<p>En travaillant ensemble, nous apportons nos comp\u00e9tences, nos valeurs, notre engagement et notre passion pour faire progresser notre charisme et notre mission. Le partage de notre parcours offre des opportunit\u00e9s pour un sentiment d\u2019appartenance plus profond et un soutien mutuel dans votre vie personnelle, professionnelle et communautaire au sens large.<\/p><p>Si vous \u00eates une femme ou un homme qui souhaite partager notre mission et faire partie de notre r\u00e9seau mondial du Bon Pasteur, nous vous invitons \u00e0 contacter votre communaut\u00e9 ou mission les plus proches et \u00e0 vous renseigner sur les opportunit\u00e9s d'engagement qui s'offrent \u00e0 vous.<\/p>\t\t\t\t\t\t<\/div>\n\t\t\t\t<\/div>\n\t\t\t\t<\/div>\n\t\t<div class=\"elementor-element elementor-element-f2fd145 e-con-full e-flex e-con e-child\" data-id=\"f2fd145\" data-element_type=\"container\" data-settings=\"{&quot;jet_parallax_layout_list&quot;:[]}\">\n\t\t\t\t<div class=\"elementor-element elementor-element-ba0b61a elementor-widget elementor-widget-image\" data-id=\"ba0b61a\" data-element_type=\"widget\" data-widget_type=\"image.default\">\n\t\t\t\t<div class=\"elementor-widget-container\">\n\t\t\t\t\t\t\t\t\t\t\t\t\t<img decoding=\"async\" width=\"800\" height=\"534\" src=\"https:\/\/wwwtest.olcgs.org\/wp-content\/uploads\/2024\/01\/DSC00513-1024x683.jpg\" class=\"attachment-large size-large wp-image-6584\" alt=\"\" srcset=\"https:\/\/wwwtest.olcgs.org\/wp-content\/uploads\/2024\/01\/DSC00513-1024x683.jpg 1024w, https:\/\/wwwtest.olcgs.org\/wp-content\/uploads\/2024\/01\/DSC00513-300x200.jpg 300w, https:\/\/wwwtest.olcgs.org\/wp-content\/uploads\/2024\/01\/DSC00513-768x512.jpg 768w, https:\/\/wwwtest.olcgs.org\/wp-content\/uploads\/2024\/01\/DSC00513-1536x1024.jpg 1536w, https:\/\/wwwtest.olcgs.org\/wp-content\/uploads\/2024\/01\/DSC00513-2048x1365.jpg 2048w, https:\/\/wwwtest.olcgs.org\/wp-content\/uploads\/2024\/01\/DSC00513-18x12.jpg 18w\" sizes=\"(max-width: 800px) 100vw, 800px\" \/>\t\t\t\t\t\t\t\t\t\t\t\t\t<\/div>\n\t\t\t\t<\/div>\n\t\t\t\t<\/div>\n\t\t\t\t\t<\/div>\n\t\t\t\t<\/div>\n\t\t<div class=\"elementor-element elementor-element-25fdbdb elementor-hidden-desktop elementor-hidden-laptop elementor-hidden-tablet elementor-hidden-mobile e-flex e-con-boxed e-con e-parent\" data-id=\"25fdbdb\" data-element_type=\"container\" data-settings=\"{&quot;jet_parallax_layout_list&quot;:[]}\">\n\t\t\t\t\t<div class=\"e-con-inner\">\n\t\t\t\t<div class=\"elementor-element elementor-element-669926d elementor-widget elementor-widget-heading\" data-id=\"669926d\" data-element_type=\"widget\" data-widget_type=\"heading.default\">\n\t\t\t\t<div class=\"elementor-widget-container\">\n\t\t\t<h2 class=\"elementor-heading-title elementor-size-default\">Devenez donateur <\/h2>\t\t<\/div>\n\t\t\t\t<\/div>\n\t\t\t\t\t<\/div>\n\t\t\t\t<\/div>\n\t\t<div class=\"elementor-element elementor-element-5c4e0e9 elementor-hidden-desktop elementor-hidden-laptop elementor-hidden-tablet elementor-hidden-mobile e-flex e-con-boxed e-con e-parent\" data-id=\"5c4e0e9\" data-element_type=\"container\" data-settings=\"{&quot;jet_parallax_layout_list&quot;:[]}\">\n\t\t\t\t\t<div class=\"e-con-inner\">\n\t\t<div class=\"elementor-element elementor-element-961c277 e-con-full e-flex e-con e-child\" data-id=\"961c277\" data-element_type=\"container\" data-settings=\"{&quot;jet_parallax_layout_list&quot;:[]}\">\n\t\t\t\t<div class=\"elementor-element elementor-element-75fcc72 elementor-widget elementor-widget-heading\" data-id=\"75fcc72\" data-element_type=\"widget\" data-widget_type=\"heading.default\">\n\t\t\t\t<div class=\"elementor-widget-container\">\n\t\t\t<h2 class=\"elementor-heading-title elementor-size-default\">Faites un don au Fonds Central de la Congr\u00e9gation<\/h2>\t\t<\/div>\n\t\t\t\t<\/div>\n\t\t\t\t<div class=\"elementor-element elementor-element-514aaf3 elementor-widget-laptop__width-initial elementor-widget elementor-widget-text-editor\" data-id=\"514aaf3\" data-element_type=\"widget\" data-widget_type=\"text-editor.default\">\n\t\t\t\t<div class=\"elementor-widget-container\">\n\t\t\t\t\t\t\t<p>Soutenez les communaut\u00e9s de s\u0153urs qui travaillent dans certains des endroits les plus n\u00e9cessiteux du monde. Votre don a un impact direct sur leurs efforts quotidiens de lutte contre la pauvret\u00e9 et l'injustice sociale en Afrique, en Asie et en Am\u00e9rique latine.<\/p><p>Gr\u00e2ce \u00e0 votre soutien, les s\u0153urs peuvent fournir des soins m\u00e9dicaux essentiels aux personnes \u00e2g\u00e9es et lancer des projets communautaires souvent n\u00e9glig\u00e9s par des initiatives plus importantes. Votre contribution devient une lueur d'espoir, permettant \u00e0 ces communaut\u00e9s de cr\u00e9er un changement durable de l'int\u00e9rieur.<\/p>\t\t\t\t\t\t<\/div>\n\t\t\t\t<\/div>\n\t\t\t\t<div class=\"elementor-element elementor-element-bcee4d1 elementor-widget elementor-widget-button\" data-id=\"bcee4d1\" data-element_type=\"widget\" data-widget_type=\"button.default\">\n\t\t\t\t<div class=\"elementor-widget-container\">\n\t\t\t\t\t<div class=\"elementor-button-wrapper\">\n\t\t\t<a class=\"elementor-button elementor-button-link elementor-size-sm\" href=\"https:\/\/wwwtest.olcgs.org\/fr\/support-our-sisters\/\">\n\t\t\t\t\t\t<span class=\"elementor-button-content-wrapper\">\n\t\t\t\t\t\t\t\t\t<span class=\"elementor-button-text\">FAIRE UN DON POUR ASSURER LA P\u00c9RENNIT\u00c9 DE LA CONGR\u00c9GATION <\/span>\n\t\t\t\t\t<\/span>\n\t\t\t\t\t<\/a>\n\t\t<\/div>\n\t\t\t\t<\/div>\n\t\t\t\t<\/div>\n\t\t\t\t<\/div>\n\t\t<div class=\"elementor-element elementor-element-0ff4919 e-con-full e-flex e-con e-child\" data-id=\"0ff4919\" data-element_type=\"container\" data-settings=\"{&quot;jet_parallax_layout_list&quot;:[]}\">\n\t\t\t\t<div class=\"elementor-element elementor-element-4466ea1 elementor-widget elementor-widget-image\" data-id=\"4466ea1\" data-element_type=\"widget\" data-widget_type=\"image.default\">\n\t\t\t\t<div class=\"elementor-widget-container\">\n\t\t\t\t\t\t\t\t\t\t\t\t\t<img decoding=\"async\" width=\"800\" height=\"534\" src=\"https:\/\/wwwtest.olcgs.org\/wp-content\/uploads\/2024\/01\/pexels-mikhail-nilov-8923263-1024x683.jpg\" class=\"attachment-large size-large wp-image-6497\" alt=\"\" srcset=\"https:\/\/wwwtest.olcgs.org\/wp-content\/uploads\/2024\/01\/pexels-mikhail-nilov-8923263-1024x683.jpg 1024w, https:\/\/wwwtest.olcgs.org\/wp-content\/uploads\/2024\/01\/pexels-mikhail-nilov-8923263-300x200.jpg 300w, https:\/\/wwwtest.olcgs.org\/wp-content\/uploads\/2024\/01\/pexels-mikhail-nilov-8923263-768x512.jpg 768w, https:\/\/wwwtest.olcgs.org\/wp-content\/uploads\/2024\/01\/pexels-mikhail-nilov-8923263-1536x1024.jpg 1536w, https:\/\/wwwtest.olcgs.org\/wp-content\/uploads\/2024\/01\/pexels-mikhail-nilov-8923263-2048x1365.jpg 2048w, https:\/\/wwwtest.olcgs.org\/wp-content\/uploads\/2024\/01\/pexels-mikhail-nilov-8923263-18x12.jpg 18w\" sizes=\"(max-width: 800px) 100vw, 800px\" \/>\t\t\t\t\t\t\t\t\t\t\t\t\t<\/div>\n\t\t\t\t<\/div>\n\t\t\t\t<\/div>\n\t\t\t\t\t<\/div>\n\t\t\t\t<\/div>\n\t\t<div class=\"elementor-element elementor-element-472fab6 elementor-hidden-desktop elementor-hidden-laptop elementor-hidden-tablet elementor-hidden-mobile e-flex e-con-boxed e-con e-parent\" data-id=\"472fab6\" data-element_type=\"container\" data-settings=\"{&quot;jet_parallax_layout_list&quot;:[]}\">\n\t\t\t\t\t<div class=\"e-con-inner\">\n\t\t\t\t<div class=\"elementor-element elementor-element-1d5571e elementor-widget-divider--view-line elementor-widget elementor-widget-divider\" data-id=\"1d5571e\" data-element_type=\"widget\" data-widget_type=\"divider.default\">\n\t\t\t\t<div class=\"elementor-widget-container\">\n\t\t\t\t\t<div class=\"elementor-divider\">\n\t\t\t<span class=\"elementor-divider-separator\">\n\t\t\t\t\t\t<\/span>\n\t\t<\/div>\n\t\t\t\t<\/div>\n\t\t\t\t<\/div>\n\t\t\t\t\t<\/div>\n\t\t\t\t<\/div>\n\t\t<div class=\"elementor-element elementor-element-6e1e34a elementor-hidden-desktop elementor-hidden-laptop elementor-hidden-tablet elementor-hidden-mobile e-flex e-con-boxed e-con e-parent\" data-id=\"6e1e34a\" data-element_type=\"container\" data-settings=\"{&quot;jet_parallax_layout_list&quot;:[]}\">\n\t\t\t\t\t<div class=\"e-con-inner\">\n\t\t<div class=\"elementor-element elementor-element-ff6127b e-con-full e-flex e-con e-child\" data-id=\"ff6127b\" data-element_type=\"container\" data-settings=\"{&quot;jet_parallax_layout_list&quot;:[]}\">\n\t\t\t\t<div class=\"elementor-element elementor-element-3c4a375 elementor-widget elementor-widget-heading\" data-id=\"3c4a375\" data-element_type=\"widget\" data-widget_type=\"heading.default\">\n\t\t\t\t<div class=\"elementor-widget-container\">\n\t\t\t<h2 class=\"elementor-heading-title elementor-size-default\">Faire un don \u00e0 la Good Shepherd International Foundation<\/h2>\t\t<\/div>\n\t\t\t\t<\/div>\n\t\t\t\t<div class=\"elementor-element elementor-element-42b9d70 elementor-widget-laptop__width-initial elementor-widget elementor-widget-text-editor\" data-id=\"42b9d70\" data-element_type=\"widget\" data-widget_type=\"text-editor.default\">\n\t\t\t\t<div class=\"elementor-widget-container\">\n\t\t\t\t\t\t\t<p>Si vous souhaitez soutenir par votre g\u00e9n\u00e9rosit\u00e9 la mission du Bon Pasteur dans le monde et contribuer au maintien et au d\u00e9veloppement de nos missions et projets, envisagez de faire un don via la <a href=\"https:\/\/www.olcgs.org\/gsif\/\">Good Shepherd International Foundation (GSIF).<\/a>\u00a0<\/p><p>Participer \u00e0 la mission de cette mani\u00e8re nous aidera \u00e0 continuer \u00e0 soutenir les programmes qui autonomisent les filles, les femmes et les enfants qui vivent dans la pauvret\u00e9, sont exploit\u00e9s, maltrait\u00e9s, discrimin\u00e9s, victimes de trafic ou oblig\u00e9s de migrer.<\/p>\t\t\t\t\t\t<\/div>\n\t\t\t\t<\/div>\n\t\t\t\t<div class=\"elementor-element elementor-element-cdf2236 elementor-widget elementor-widget-button\" data-id=\"cdf2236\" data-element_type=\"widget\" data-widget_type=\"button.default\">\n\t\t\t\t<div class=\"elementor-widget-container\">\n\t\t\t\t\t<div class=\"elementor-button-wrapper\">\n\t\t\t<a class=\"elementor-button elementor-button-link elementor-size-sm\" href=\"https:\/\/www.gsif.it\/donate\" target=\"_blank\">\n\t\t\t\t\t\t<span class=\"elementor-button-content-wrapper\">\n\t\t\t\t\t\t\t\t\t<span class=\"elementor-button-text\">Faire un don \u00e0 la mission du Bon Pasteur<\/span>\n\t\t\t\t\t<\/span>\n\t\t\t\t\t<\/a>\n\t\t<\/div>\n\t\t\t\t<\/div>\n\t\t\t\t<\/div>\n\t\t\t\t<\/div>\n\t\t<div class=\"elementor-element elementor-element-3ab34da e-con-full e-flex e-con e-child\" data-id=\"3ab34da\" data-element_type=\"container\" data-settings=\"{&quot;jet_parallax_layout_list&quot;:[]}\">\n\t\t\t\t<div class=\"elementor-element elementor-element-c8de25a elementor-widget elementor-widget-image\" data-id=\"c8de25a\" data-element_type=\"widget\" data-widget_type=\"image.default\">\n\t\t\t\t<div class=\"elementor-widget-container\">\n\t\t\t\t\t\t\t\t\t\t\t\t\t<img loading=\"lazy\" decoding=\"async\" width=\"800\" height=\"534\" src=\"https:\/\/wwwtest.olcgs.org\/wp-content\/uploads\/2023\/11\/DSC00908-1024x683.jpg\" class=\"attachment-large size-large wp-image-3050\" alt=\"\" srcset=\"https:\/\/wwwtest.olcgs.org\/wp-content\/uploads\/2023\/11\/DSC00908-1024x683.jpg 1024w, https:\/\/wwwtest.olcgs.org\/wp-content\/uploads\/2023\/11\/DSC00908-300x200.jpg 300w, https:\/\/wwwtest.olcgs.org\/wp-content\/uploads\/2023\/11\/DSC00908-768x512.jpg 768w, https:\/\/wwwtest.olcgs.org\/wp-content\/uploads\/2023\/11\/DSC00908-1536x1024.jpg 1536w, https:\/\/wwwtest.olcgs.org\/wp-content\/uploads\/2023\/11\/DSC00908-2048x1365.jpg 2048w\" sizes=\"(max-width: 800px) 100vw, 800px\" \/>\t\t\t\t\t\t\t\t\t\t\t\t\t<\/div>\n\t\t\t\t<\/div>\n\t\t\t\t<\/div>\n\t\t\t\t\t<\/div>\n\t\t\t\t<\/div>\n\t\t\t\t<\/div>","protected":false},"excerpt":{"rendered":"<p>Get Involved Home Become a Sister Are you a woman drawn to devote your life to the mission of Our Lady of Charity of the Good Shepherd? Can your prayer or action be a source of strength for those we serve? You can be an inspiration and agent of positive change through our ministries in [&hellip;]<\/p>\n","protected":false},"author":1,"featured_media":0,"parent":0,"menu_order":0,"comment_status":"closed","ping_status":"closed","template":"elementor_header_footer","meta":{"footnotes":""},"class_list":["post-4125","page","type-page","status-publish","hentry"],"_links":{"self":[{"href":"https:\/\/wwwtest.olcgs.org\/fr\/wp-json\/wp\/v2\/pages\/4125","targetHints":{"allow":["GET"]}}],"collection":[{"href":"https:\/\/wwwtest.olcgs.org\/fr\/wp-json\/wp\/v2\/pages"}],"about":[{"href":"https:\/\/wwwtest.olcgs.org\/fr\/wp-json\/wp\/v2\/types\/page"}],"author":[{"embeddable":true,"href":"https:\/\/wwwtest.olcgs.org\/fr\/wp-json\/wp\/v2\/users\/1"}],"replies":[{"embeddable":true,"href":"https:\/\/wwwtest.olcgs.org\/fr\/wp-json\/wp\/v2\/comments?post=4125"}],"version-history":[{"count":90,"href":"https:\/\/wwwtest.olcgs.org\/fr\/wp-json\/wp\/v2\/pages\/4125\/revisions"}],"predecessor-version":[{"id":8403,"href":"https:\/\/wwwtest.olcgs.org\/fr\/wp-json\/wp\/v2\/pages\/4125\/revisions\/8403"}],"wp:attachment":[{"href":"https:\/\/wwwtest.olcgs.org\/fr\/wp-json\/wp\/v2\/media?parent=4125"}],"curies":[{"name":"wp","href":"https:\/\/api.w.org\/{rel}","templated":true}]}}