{"id":3137,"date":"2023-12-03T13:15:36","date_gmt":"2023-12-03T12:15:36","guid":{"rendered":"https:\/\/www.olcgs.org\/?page_id=3137"},"modified":"2024-04-06T12:57:19","modified_gmt":"2024-04-06T10:57:19","slug":"saint-john-eudes","status":"publish","type":"page","link":"https:\/\/wwwtest.olcgs.org\/fr\/our-saints-and-blessed\/saint-john-eudes\/","title":{"rendered":"Saint Jean Eudes"},"content":{"rendered":"<div data-elementor-type=\"wp-page\" data-elementor-id=\"3137\" class=\"elementor elementor-3137\" data-elementor-post-type=\"page\">\n\t\t\t\t<div class=\"elementor-element elementor-element-91dbb51 e-flex e-con-boxed e-con e-parent\" data-id=\"91dbb51\" data-element_type=\"container\" data-settings=\"{&quot;jet_parallax_layout_list&quot;:[],&quot;background_background&quot;:&quot;classic&quot;}\">\n\t\t\t\t\t<div class=\"e-con-inner\">\n\t\t\t\t<div class=\"elementor-element elementor-element-cdd2c86 elementor-invisible elementor-widget elementor-widget-heading\" data-id=\"cdd2c86\" data-element_type=\"widget\" data-settings=\"{&quot;_animation&quot;:&quot;fadeInDown&quot;}\" data-widget_type=\"heading.default\">\n\t\t\t\t<div class=\"elementor-widget-container\">\n\t\t\t<h2 class=\"elementor-heading-title elementor-size-default\">Saint Jean Eudes<\/h2>\t\t<\/div>\n\t\t\t\t<\/div>\n\t\t\t\t<div class=\"elementor-element elementor-element-19bf56e elementor-invisible elementor-widget elementor-widget-jet-breadcrumbs\" data-id=\"19bf56e\" data-element_type=\"widget\" data-settings=\"{&quot;_animation&quot;:&quot;fadeIn&quot;,&quot;_animation_delay&quot;:900}\" data-widget_type=\"jet-breadcrumbs.default\">\n\t\t\t\t<div class=\"elementor-widget-container\">\n\t\t\t<div class=\"elementor-jet-breadcrumbs jet-blocks\">\n\t\t<div class=\"jet-breadcrumbs\">\n\t\t<div class=\"jet-breadcrumbs__content\">\n\t\t<div class=\"jet-breadcrumbs__wrap\"><div class=\"jet-breadcrumbs__item\"><a href=\"https:\/\/wwwtest.olcgs.org\/fr\/\" class=\"jet-breadcrumbs__item-link is-home\" rel=\"home\" title=\"Accueil\">Accueil<\/a><\/div>\n\t\t<\/div>\n\t\t<\/div>\n\t\t<\/div><\/div>\t\t<\/div>\n\t\t\t\t<\/div>\n\t\t\t\t\t<\/div>\n\t\t\t\t<\/div>\n\t\t<div class=\"elementor-element elementor-element-080b405 e-flex e-con-boxed elementor-invisible e-con e-parent\" data-id=\"080b405\" data-element_type=\"container\" data-settings=\"{&quot;jet_parallax_layout_list&quot;:[],&quot;animation&quot;:&quot;fadeInUp&quot;}\">\n\t\t\t\t\t<div class=\"e-con-inner\">\n\t\t<div class=\"elementor-element elementor-element-f7a5aac e-con-full e-flex e-con e-child\" data-id=\"f7a5aac\" data-element_type=\"container\" data-settings=\"{&quot;jet_parallax_layout_list&quot;:[]}\">\n\t\t\t\t<div class=\"elementor-element elementor-element-8740d41 elementor-widget elementor-widget-heading\" data-id=\"8740d41\" data-element_type=\"widget\" data-widget_type=\"heading.default\">\n\t\t\t\t<div class=\"elementor-widget-container\">\n\t\t\t<h2 class=\"elementor-heading-title elementor-size-default\">Premi\u00e8res ann\u00e9es<\/h2>\t\t<\/div>\n\t\t\t\t<\/div>\n\t\t\t\t<div class=\"elementor-element elementor-element-9f724f3 elementor-widget elementor-widget-text-editor\" data-id=\"9f724f3\" data-element_type=\"widget\" data-widget_type=\"text-editor.default\">\n\t\t\t\t<div class=\"elementor-widget-container\">\n\t\t\t\t\t\t\t<div class=\"page\" title=\"Page 3\"><div class=\"section\"><div class=\"layoutArea\"><div class=\"column\"><p>Saint Jean Eudes est n\u00e9 dans une ferme proche du village de Ri en Normandie, en France, le 14 novembre 1601. \u00c0 l'\u00e2ge de 14 ans, il entre au Coll\u00e8ge des J\u00e9suites de Caen. En 1623, malgr\u00e9 le souhait de ses parents de le marier, il entre \u00e0 l'Oratoire de J\u00e9sus et Marie Immacul\u00e9e, dit Oratoire de B\u00e9rulle, et poursuit ses \u00e9tudes \u00e0 Paris. Deux ans plus tard, \u00e0 l'\u00e2ge de 24 ans, il est ordonn\u00e9 pr\u00eatre, apr\u00e8s quoi il demande \u00e0 aller s'occuper des victimes de la peste, dont il s'est occup\u00e9 au p\u00e9ril de sa vie.<\/p><\/div><\/div><\/div><\/div>\t\t\t\t\t\t<\/div>\n\t\t\t\t<\/div>\n\t\t\t\t<div class=\"elementor-element elementor-element-10081b3 elementor-widget elementor-widget-heading\" data-id=\"10081b3\" data-element_type=\"widget\" data-widget_type=\"heading.default\">\n\t\t\t\t<div class=\"elementor-widget-container\">\n\t\t\t<h2 class=\"elementor-heading-title elementor-size-default\">Refuge pour femmes<\/h2>\t\t<\/div>\n\t\t\t\t<\/div>\n\t\t\t\t<div class=\"elementor-element elementor-element-476bb7c elementor-widget elementor-widget-text-editor\" data-id=\"476bb7c\" data-element_type=\"widget\" data-widget_type=\"text-editor.default\">\n\t\t\t\t<div class=\"elementor-widget-container\">\n\t\t\t\t\t\t\t<p>\u00c0 32 ans, saint Jean Eudes devient missionnaire paroissial et acquiert une r\u00e9putation de pr\u00e9dicateur et de confesseur exceptionnel. Au cours de la d\u00e9cennie suivante, durant ses nombreuses missions dans diverses r\u00e9gions de France, il est profond\u00e9ment \u00e9mu par le sort des femmes en situation de prostitution. Contraintes par la pauvret\u00e9, beaucoup d\u2019entre elles ont trouv\u00e9 que c\u2019\u00e9tait le seul moyen de gagner leur vie et celle de leur famille. Mis au d\u00e9fi par une femme, Madame Madeleine Lamy, de r\u00e9pondre de mani\u00e8re proactive \u00e0 la situation de ces femmes, Saint Jean Eudes s'est mis au travail pour cr\u00e9er des refuges qui leur offraient un abri s\u00fbr et une opportunit\u00e9 de se lib\u00e9rer de leur sort.<\/p><p class=\"translation-block\">En 1641, avec des personnes partageant ses id\u00e9es, il ach\u00e8te \u00e0 Caen une maison adapt\u00e9e \u00e0 cet usage qu'il confie \u00e0 des femmes qui souhaitent partager avec lui ce service de mis\u00e9ricorde et de charit\u00e9. C'est le d\u00e9but de ce qui deviendra Notre-Dame de Charit\u00e9 du Refuge. Pour t\u00e9moigner de la compassion et de la mis\u00e9ricorde dans un monde en proie \u00e0 l'exploitation et \u00e0 la douleur, saint Jean Eudes donne aux s\u0153urs un quatri\u00e8me v\u0153u de z\u00e8le \u2013 en plus de ceux de pauvret\u00e9, de chastet\u00e9 et d'ob\u00e9issance. Ce v\u0153u les pousse \u00e0 s'efforcer de rester engag\u00e9es et fid\u00e8les \u00e0 la mission.<\/p><p>D'autres maisons de refuge sont fond\u00e9es \u00e0 la demande des \u00e9v\u00eaques et l'\u0153uvre des s\u0153urs se r\u00e9pand au-del\u00e0 de Caen. Chaque communaut\u00e9 est ind\u00e9pendante mais entretient des contacts avec les autres, notamment avec Caen.<\/p>\t\t\t\t\t\t<\/div>\n\t\t\t\t<\/div>\n\t\t\t\t<\/div>\n\t\t<div class=\"elementor-element elementor-element-81df597 e-con-full e-flex e-con e-child\" data-id=\"81df597\" data-element_type=\"container\" data-settings=\"{&quot;jet_parallax_layout_list&quot;:[]}\">\n\t\t\t\t<div class=\"elementor-element elementor-element-d3b5568 elementor-widget elementor-widget-image\" data-id=\"d3b5568\" data-element_type=\"widget\" data-widget_type=\"image.default\">\n\t\t\t\t<div class=\"elementor-widget-container\">\n\t\t\t\t\t\t\t\t\t\t\t\t\t<img fetchpriority=\"high\" decoding=\"async\" width=\"436\" height=\"624\" src=\"https:\/\/wwwtest.olcgs.org\/wp-content\/uploads\/2023\/12\/JeanEudes.png\" class=\"attachment-large size-large wp-image-3140\" alt=\"\" srcset=\"https:\/\/wwwtest.olcgs.org\/wp-content\/uploads\/2023\/12\/JeanEudes.png 436w, https:\/\/wwwtest.olcgs.org\/wp-content\/uploads\/2023\/12\/JeanEudes-210x300.png 210w\" sizes=\"(max-width: 436px) 100vw, 436px\" \/>\t\t\t\t\t\t\t\t\t\t\t\t\t<\/div>\n\t\t\t\t<\/div>\n\t\t\t\t<\/div>\n\t\t\t\t\t<\/div>\n\t\t\t\t<\/div>\n\t\t<div class=\"elementor-element elementor-element-bc033a0 e-flex e-con-boxed e-con e-parent\" data-id=\"bc033a0\" data-element_type=\"container\" data-settings=\"{&quot;jet_parallax_layout_list&quot;:[],&quot;background_background&quot;:&quot;classic&quot;}\">\n\t\t\t\t\t<div class=\"e-con-inner\">\n\t\t<div class=\"elementor-element elementor-element-3a73601 e-con-full e-flex e-con e-child\" data-id=\"3a73601\" data-element_type=\"container\" data-settings=\"{&quot;jet_parallax_layout_list&quot;:[]}\">\n\t\t\t\t<div class=\"elementor-element elementor-element-ac30585 elementor-widget elementor-widget-heading\" data-id=\"ac30585\" data-element_type=\"widget\" data-widget_type=\"heading.default\">\n\t\t\t\t<div class=\"elementor-widget-container\">\n\t\t\t<h2 class=\"elementor-heading-title elementor-size-default\">Notre famille eudiste<\/h2>\t\t<\/div>\n\t\t\t\t<\/div>\n\t\t\t\t<div class=\"elementor-element elementor-element-9e8dec1 elementor-widget elementor-widget-text-editor\" data-id=\"9e8dec1\" data-element_type=\"widget\" data-widget_type=\"text-editor.default\">\n\t\t\t\t<div class=\"elementor-widget-container\">\n\t\t\t\t\t\t\t<p>Saint Jean Eudes n'est pas seulement pr\u00e9occup\u00e9 par les probl\u00e8mes sociaux de son temps, mais il est \u00e9galement tr\u00e8s troubl\u00e9 par le besoin de renouveau spirituel parmi les la\u00efcs et le clerg\u00e9. En 1643, il quitte l'Oratoire et fonde la Congr\u00e9gation de J\u00e9sus et de Marie pour ouvrir des s\u00e9minaires et faciliter la formation des pr\u00eatres.<\/p><p>Lors d'une mission en 1648, saint Jean Eudes c\u00e9l\u00e9bre la premi\u00e8re messe en l'honneur du C\u0153ur de Marie. En 1652, il construit la premi\u00e8re \u00e9glise sous le patronage du C\u0153ur Immacul\u00e9 : la chapelle de son s\u00e9minaire de Coutances, France.<\/p><p>Au cours du processus de canonisation, le pape saint Pie XI l'a nomm\u00e9 \u00ab p\u00e8re, docteur et ap\u00f4tre de la d\u00e9votion liturgique aux C\u0153urs de J\u00e9sus et de Marie \u00bb.<\/p>\t\t\t\t\t\t<\/div>\n\t\t\t\t<\/div>\n\t\t\t\t<\/div>\n\t\t\t\t\t<\/div>\n\t\t\t\t<\/div>\n\t\t\t\t<\/div>","protected":false},"excerpt":{"rendered":"<p>Saint John Eudes Home His early years St. John Eudes was born on a farm close to the village of Ri in Normandy, France, on November 14, 1601. At the age of 14, he entered the Jesuit College at Caen. In 1623, despite the wish of his parents for him to marry, he joined the [&hellip;]<\/p>\n","protected":false},"author":1,"featured_media":0,"parent":3168,"menu_order":0,"comment_status":"closed","ping_status":"closed","template":"elementor_header_footer","meta":{"footnotes":""},"class_list":["post-3137","page","type-page","status-publish","hentry"],"_links":{"self":[{"href":"https:\/\/wwwtest.olcgs.org\/fr\/wp-json\/wp\/v2\/pages\/3137","targetHints":{"allow":["GET"]}}],"collection":[{"href":"https:\/\/wwwtest.olcgs.org\/fr\/wp-json\/wp\/v2\/pages"}],"about":[{"href":"https:\/\/wwwtest.olcgs.org\/fr\/wp-json\/wp\/v2\/types\/page"}],"author":[{"embeddable":true,"href":"https:\/\/wwwtest.olcgs.org\/fr\/wp-json\/wp\/v2\/users\/1"}],"replies":[{"embeddable":true,"href":"https:\/\/wwwtest.olcgs.org\/fr\/wp-json\/wp\/v2\/comments?post=3137"}],"version-history":[{"count":41,"href":"https:\/\/wwwtest.olcgs.org\/fr\/wp-json\/wp\/v2\/pages\/3137\/revisions"}],"predecessor-version":[{"id":7602,"href":"https:\/\/wwwtest.olcgs.org\/fr\/wp-json\/wp\/v2\/pages\/3137\/revisions\/7602"}],"up":[{"embeddable":true,"href":"https:\/\/wwwtest.olcgs.org\/fr\/wp-json\/wp\/v2\/pages\/3168"}],"wp:attachment":[{"href":"https:\/\/wwwtest.olcgs.org\/fr\/wp-json\/wp\/v2\/media?parent=3137"}],"curies":[{"name":"wp","href":"https:\/\/api.w.org\/{rel}","templated":true}]}}