{"id":5745,"date":"2024-01-11T19:01:04","date_gmt":"2024-01-11T18:01:04","guid":{"rendered":"https:\/\/www.olcgs.org\/?page_id=5745"},"modified":"2024-04-06T12:59:28","modified_gmt":"2024-04-06T10:59:28","slug":"blessed-maria-droste","status":"publish","type":"page","link":"https:\/\/wwwtest.olcgs.org\/es\/our-saints-and-blessed\/blessed-maria-droste\/","title":{"rendered":"Beata Mar\u00eda Droste"},"content":{"rendered":"<div data-elementor-type=\"wp-page\" data-elementor-id=\"5745\" class=\"elementor elementor-5745\" data-elementor-post-type=\"page\">\n\t\t\t\t<div class=\"elementor-element elementor-element-91dbb51 e-flex e-con-boxed e-con e-parent\" data-id=\"91dbb51\" data-element_type=\"container\" data-settings=\"{&quot;jet_parallax_layout_list&quot;:[],&quot;background_background&quot;:&quot;classic&quot;}\">\n\t\t\t\t\t<div class=\"e-con-inner\">\n\t\t\t\t<div class=\"elementor-element elementor-element-cdd2c86 elementor-invisible elementor-widget elementor-widget-heading\" data-id=\"cdd2c86\" data-element_type=\"widget\" data-settings=\"{&quot;_animation&quot;:&quot;fadeInDown&quot;}\" data-widget_type=\"heading.default\">\n\t\t\t\t<div class=\"elementor-widget-container\">\n\t\t\t<h2 class=\"elementor-heading-title elementor-size-default\">Beata Mar\u00eda Droste<\/h2>\t\t<\/div>\n\t\t\t\t<\/div>\n\t\t\t\t<div class=\"elementor-element elementor-element-19bf56e elementor-invisible elementor-widget elementor-widget-jet-breadcrumbs\" data-id=\"19bf56e\" data-element_type=\"widget\" data-settings=\"{&quot;_animation&quot;:&quot;fadeIn&quot;,&quot;_animation_delay&quot;:900}\" data-widget_type=\"jet-breadcrumbs.default\">\n\t\t\t\t<div class=\"elementor-widget-container\">\n\t\t\t<div class=\"elementor-jet-breadcrumbs jet-blocks\">\n\t\t<div class=\"jet-breadcrumbs\">\n\t\t<div class=\"jet-breadcrumbs__content\">\n\t\t<div class=\"jet-breadcrumbs__wrap\"><div class=\"jet-breadcrumbs__item\"><a href=\"https:\/\/wwwtest.olcgs.org\/es\/\" class=\"jet-breadcrumbs__item-link is-home\" rel=\"home\" title=\"Inicio\">Inicio<\/a><\/div>\n\t\t<\/div>\n\t\t<\/div>\n\t\t<\/div><\/div>\t\t<\/div>\n\t\t\t\t<\/div>\n\t\t\t\t\t<\/div>\n\t\t\t\t<\/div>\n\t\t<div class=\"elementor-element elementor-element-080b405 e-flex e-con-boxed elementor-invisible e-con e-parent\" data-id=\"080b405\" data-element_type=\"container\" data-settings=\"{&quot;jet_parallax_layout_list&quot;:[],&quot;animation&quot;:&quot;fadeInUp&quot;}\">\n\t\t\t\t\t<div class=\"e-con-inner\">\n\t\t<div class=\"elementor-element elementor-element-f7a5aac e-con-full e-flex e-con e-child\" data-id=\"f7a5aac\" data-element_type=\"container\" data-settings=\"{&quot;jet_parallax_layout_list&quot;:[]}\">\n\t\t\t\t<div class=\"elementor-element elementor-element-8740d41 elementor-widget elementor-widget-heading\" data-id=\"8740d41\" data-element_type=\"widget\" data-widget_type=\"heading.default\">\n\t\t\t\t<div class=\"elementor-widget-container\">\n\t\t\t<h2 class=\"elementor-heading-title elementor-size-default\">Un camino de fe y sacrificio<\/h2>\t\t<\/div>\n\t\t\t\t<\/div>\n\t\t\t\t<div class=\"elementor-element elementor-element-9f724f3 elementor-widget elementor-widget-text-editor\" data-id=\"9f724f3\" data-element_type=\"widget\" data-widget_type=\"text-editor.default\">\n\t\t\t\t<div class=\"elementor-widget-container\">\n\t\t\t\t\t\t\t<div title=\"Page 3\"><p>La Beata Mar\u00eda Droste zu Vischering naci\u00f3 el 8 de septiembre de 1863 en M\u00fcnster, Alemania. Era hija del devoto cat\u00f3lico Conde Clemens Droste zu Vischering y de la Condesa Helen von Galen.<\/p><p>De ni\u00f1a, la Beata Mar\u00eda ten\u00eda una fuerte voluntad, pero con un coraz\u00f3n muy sensible y una gran empat\u00eda hacia los dem\u00e1s. Desarroll\u00f3 una generosidad y una determinaci\u00f3n excepcionales. El 8 de julio de 1875, d\u00eda de su sacramento de confirmaci\u00f3n, tom\u00f3 conciencia de la llamada a la vida religiosa apost\u00f3lica.<\/p><p>El 21 de noviembre de 1888, a la edad de 25 a\u00f1os, ingres\u00f3 en la Congregaci\u00f3n de Nuestra Se\u00f1ora de la Caridad del Buen Pastor, en M\u00fcnster, y recibi\u00f3 el nombre de Mar\u00eda del Divino Coraz\u00f3n.<\/p><p>En 1891, se dedic\u00f3 a las ni\u00f1as bajo su cuidado en M\u00fcnster. Con un ardiente amor por atender a la juventud, sostuvo: \"los m\u00e1s necesitados, los m\u00e1s miserables, los m\u00e1s abandonados son los ni\u00f1os que m\u00e1s quiero\".<\/p><p>Tres a\u00f1os m\u00e1s tarde, fue enviada en misi\u00f3n a Portugal y nombrada superiora de la comunidad del convento de Oporto. Ejerci\u00f3 un amplio apostolado de servicios a personas de toda condici\u00f3n: ricos y pobres, cl\u00e9rigos y laicos. La Beata Mar\u00eda era una religiosa activa, capaz y alegre, pero, sin que lo supieran aquellos con quienes convivi\u00f3, experimentaba una intensa uni\u00f3n con Dios, de naturaleza m\u00edstica. Hacia el final de su corta vida, tuvo una profunda experiencia en la que Cristo le hizo saber que quer\u00eda todo el universo consagrado a su Coraz\u00f3n y que ella deb\u00eda pedirlo al Papa.<\/p><p class=\"translation-block\">Ella persever\u00f3 en ello, lo que movi\u00f3 al Papa Le\u00f3n XIII a solicitar una investigaci\u00f3n. La consagraci\u00f3n fue anunciada a trav\u00e9s de la enc\u00edclica \"Annum Sacrum\". La preparaci\u00f3n de este acto ser\u00eda precedida por un triduo mundial que el Papa Le\u00f3n XIII calific\u00f3 como \"el m\u00e1s grande de mi pontificado\".<\/p><p>A lo largo de su vida, la beata Mar\u00eda nunca fue fuerte f\u00edsicamente. Fue en esta \u00e9poca cuando su salud se deterior\u00f3 tanto que durante muchos meses casi no pudo moverse, sufriendo dolores insoportables a causa de una enfermedad de la columna vertebral. Le dijo a su confesor: \"Mi misi\u00f3n en la tierra se completar\u00e1 tan pronto como se cumpla la consagraci\u00f3n\".\u00a0<\/p><p>Muri\u00f3 el 8 de junio de 1899, tristemente la v\u00edspera de la Fiesta del Sagrado Coraz\u00f3n. El 11 de junio de 1899, el Papa consagr\u00f3 solemnemente el universo al Coraz\u00f3n de Jes\u00fas. El Papa Le\u00f3n XIII dijo a su padre un a\u00f1o despu\u00e9s, el 7 de mayo de 1900: \"La invoco. La invoco en todas las circunstancias\".<\/p><p>La beata Mar\u00eda Droste fue beatificada por el Papa Pablo VI el 1 de noviembre de 1975.<\/p><\/div>\t\t\t\t\t\t<\/div>\n\t\t\t\t<\/div>\n\t\t\t\t<\/div>\n\t\t<div class=\"elementor-element elementor-element-81df597 e-con-full e-flex e-con e-child\" data-id=\"81df597\" data-element_type=\"container\" data-settings=\"{&quot;jet_parallax_layout_list&quot;:[]}\">\n\t\t\t\t<div class=\"elementor-element elementor-element-d3b5568 elementor-widget elementor-widget-image\" data-id=\"d3b5568\" data-element_type=\"widget\" data-widget_type=\"image.default\">\n\t\t\t\t<div class=\"elementor-widget-container\">\n\t\t\t\t\t\t\t\t\t\t\t\t\t<img fetchpriority=\"high\" decoding=\"async\" width=\"200\" height=\"252\" src=\"https:\/\/wwwtest.olcgs.org\/wp-content\/uploads\/2024\/02\/maria-droste.jpg\" class=\"attachment-large size-large wp-image-7345\" alt=\"\" srcset=\"https:\/\/wwwtest.olcgs.org\/wp-content\/uploads\/2024\/02\/maria-droste.jpg 200w, https:\/\/wwwtest.olcgs.org\/wp-content\/uploads\/2024\/02\/maria-droste-10x12.jpg 10w\" sizes=\"(max-width: 200px) 100vw, 200px\" \/>\t\t\t\t\t\t\t\t\t\t\t\t\t<\/div>\n\t\t\t\t<\/div>\n\t\t\t\t<\/div>\n\t\t\t\t\t<\/div>\n\t\t\t\t<\/div>\n\t\t\t\t<\/div>","protected":false},"excerpt":{"rendered":"<p>Blessed Maria Droste Home A journey of faith and sacrifice Blessed Maria Droste zu Vischering was born on September 8, 1863, in M\u00fcnster, Germany. She was the daughter of devout Catholics Count Clemens Droste zu Vischering and of Countess Helen von Galen. As a child, Bl. Maria had a strong will but with a very [&hellip;]<\/p>\n","protected":false},"author":1,"featured_media":0,"parent":3168,"menu_order":0,"comment_status":"closed","ping_status":"closed","template":"elementor_header_footer","meta":{"footnotes":""},"class_list":["post-5745","page","type-page","status-publish","hentry"],"_links":{"self":[{"href":"https:\/\/wwwtest.olcgs.org\/es\/wp-json\/wp\/v2\/pages\/5745","targetHints":{"allow":["GET"]}}],"collection":[{"href":"https:\/\/wwwtest.olcgs.org\/es\/wp-json\/wp\/v2\/pages"}],"about":[{"href":"https:\/\/wwwtest.olcgs.org\/es\/wp-json\/wp\/v2\/types\/page"}],"author":[{"embeddable":true,"href":"https:\/\/wwwtest.olcgs.org\/es\/wp-json\/wp\/v2\/users\/1"}],"replies":[{"embeddable":true,"href":"https:\/\/wwwtest.olcgs.org\/es\/wp-json\/wp\/v2\/comments?post=5745"}],"version-history":[{"count":13,"href":"https:\/\/wwwtest.olcgs.org\/es\/wp-json\/wp\/v2\/pages\/5745\/revisions"}],"predecessor-version":[{"id":7608,"href":"https:\/\/wwwtest.olcgs.org\/es\/wp-json\/wp\/v2\/pages\/5745\/revisions\/7608"}],"up":[{"embeddable":true,"href":"https:\/\/wwwtest.olcgs.org\/es\/wp-json\/wp\/v2\/pages\/3168"}],"wp:attachment":[{"href":"https:\/\/wwwtest.olcgs.org\/es\/wp-json\/wp\/v2\/media?parent=5745"}],"curies":[{"name":"wp","href":"https:\/\/api.w.org\/{rel}","templated":true}]}}