{"id":4125,"date":"2023-12-06T21:32:38","date_gmt":"2023-12-06T20:32:38","guid":{"rendered":"https:\/\/www.olcgs.org\/?page_id=4125"},"modified":"2024-04-19T17:57:49","modified_gmt":"2024-04-19T15:57:49","slug":"get-involved","status":"publish","type":"page","link":"https:\/\/wwwtest.olcgs.org\/es\/get-involved\/","title":{"rendered":"Participa"},"content":{"rendered":"<div data-elementor-type=\"wp-page\" data-elementor-id=\"4125\" class=\"elementor elementor-4125\" data-elementor-post-type=\"page\">\n\t\t\t\t<div class=\"elementor-element elementor-element-0ed914e e-flex e-con-boxed e-con e-parent\" data-id=\"0ed914e\" data-element_type=\"container\" data-settings=\"{&quot;jet_parallax_layout_list&quot;:[],&quot;background_background&quot;:&quot;classic&quot;}\">\n\t\t\t\t\t<div class=\"e-con-inner\">\n\t\t\t\t<div class=\"elementor-element elementor-element-cf490ea elementor-invisible elementor-widget elementor-widget-heading\" data-id=\"cf490ea\" data-element_type=\"widget\" data-settings=\"{&quot;_animation&quot;:&quot;fadeInDown&quot;}\" data-widget_type=\"heading.default\">\n\t\t\t\t<div class=\"elementor-widget-container\">\n\t\t\t<h2 class=\"elementor-heading-title elementor-size-default\">Participa<\/h2>\t\t<\/div>\n\t\t\t\t<\/div>\n\t\t\t\t<div class=\"elementor-element elementor-element-20350bc elementor-invisible elementor-widget elementor-widget-jet-breadcrumbs\" data-id=\"20350bc\" data-element_type=\"widget\" data-settings=\"{&quot;_animation&quot;:&quot;fadeIn&quot;,&quot;_animation_delay&quot;:900}\" data-widget_type=\"jet-breadcrumbs.default\">\n\t\t\t\t<div class=\"elementor-widget-container\">\n\t\t\t<div class=\"elementor-jet-breadcrumbs jet-blocks\">\n\t\t<div class=\"jet-breadcrumbs\">\n\t\t<div class=\"jet-breadcrumbs__content\">\n\t\t<div class=\"jet-breadcrumbs__wrap\"><div class=\"jet-breadcrumbs__item\"><a href=\"https:\/\/wwwtest.olcgs.org\/es\/\" class=\"jet-breadcrumbs__item-link is-home\" rel=\"home\" title=\"Inicio\">Inicio<\/a><\/div>\n\t\t<\/div>\n\t\t<\/div>\n\t\t<\/div><\/div>\t\t<\/div>\n\t\t\t\t<\/div>\n\t\t\t\t\t<\/div>\n\t\t\t\t<\/div>\n\t\t<div class=\"elementor-element elementor-element-7e26f94 e-flex e-con-boxed e-con e-parent\" data-id=\"7e26f94\" data-element_type=\"container\" data-settings=\"{&quot;jet_parallax_layout_list&quot;:[]}\">\n\t\t\t\t\t<div class=\"e-con-inner\">\n\t\t\t\t<div class=\"elementor-element elementor-element-7b8a6f3 elementor-widget elementor-widget-heading\" data-id=\"7b8a6f3\" data-element_type=\"widget\" data-widget_type=\"heading.default\">\n\t\t\t\t<div class=\"elementor-widget-container\">\n\t\t\t<h2 class=\"elementor-heading-title elementor-size-default\">Convi\u00e9rtete en una Hermana<\/h2>\t\t<\/div>\n\t\t\t\t<\/div>\n\t\t\t\t\t<\/div>\n\t\t\t\t<\/div>\n\t\t<div class=\"elementor-element elementor-element-5faeda3 e-flex e-con-boxed e-con e-parent\" data-id=\"5faeda3\" data-element_type=\"container\" data-settings=\"{&quot;jet_parallax_layout_list&quot;:[]}\">\n\t\t\t\t\t<div class=\"e-con-inner\">\n\t\t<div class=\"elementor-element elementor-element-0f3eced e-con-full e-flex e-con e-child\" data-id=\"0f3eced\" data-element_type=\"container\" data-settings=\"{&quot;jet_parallax_layout_list&quot;:[]}\">\n\t\t\t\t<div class=\"elementor-element elementor-element-4c283e3 elementor-widget-laptop__width-initial elementor-widget elementor-widget-text-editor\" data-id=\"4c283e3\" data-element_type=\"widget\" data-widget_type=\"text-editor.default\">\n\t\t\t\t<div class=\"elementor-widget-container\">\n\t\t\t\t\t\t\t<p>\u00bfTe sientes llamada a dedicar tu vida a la misi\u00f3n de Nuestra Se\u00f1ora de la Caridad del Buen Pastor? \u00bfPuede tu oraci\u00f3n o acci\u00f3n ser una fuente de fortaleza para aquellos a quienes servimos? Puedes ser una inspiraci\u00f3n y agente de cambio positivo a trav\u00e9s de nuestros apostolados de educaci\u00f3n y formaci\u00f3n, servicios sociales, defensa y concienciaci\u00f3n, apostolado en la c\u00e1rcel, desarrollo de la juventud y muchos otros programas de ayuda que apoyan y capacitan a los marginados de la sociedad, especialmente a las ni\u00f1as, mujeres y ni\u00f1os vulnerables.<\/p><p>Si sientes inquietud en lo m\u00e1s profundo de ti y que experimentas que Dios te impulsa a unirte a nuestra misi\u00f3n, te invitamos a entablar una conversaci\u00f3n m\u00e1s profunda con nosotras. Explora y descubre junto a nosotras si est\u00e1s llamada a compartir tu vida como hermana apost\u00f3lica o contemplativa. Te invitamos a ponerte en contacto con la promotora de vocaciones m\u00e1s cercano o a enviar un correo electr\u00f3nico a <a href=\"mailto:vocations@gssweb.org\">vocations@gssweb.org<\/a><\/p>\t\t\t\t\t\t<\/div>\n\t\t\t\t<\/div>\n\t\t\t\t<div class=\"elementor-element elementor-element-2c0da48 elementor-hidden-desktop elementor-hidden-laptop elementor-hidden-tablet elementor-hidden-mobile elementor-widget elementor-widget-button\" data-id=\"2c0da48\" data-element_type=\"widget\" data-widget_type=\"button.default\">\n\t\t\t\t<div class=\"elementor-widget-container\">\n\t\t\t\t\t<div class=\"elementor-button-wrapper\">\n\t\t\t<a class=\"elementor-button elementor-button-link elementor-size-sm\" href=\"mailto:vocations@gssweb.org\">\n\t\t\t\t\t\t<span class=\"elementor-button-content-wrapper\">\n\t\t\t\t\t\t\t\t\t<span class=\"elementor-button-text\">CONTACTO<\/span>\n\t\t\t\t\t<\/span>\n\t\t\t\t\t<\/a>\n\t\t<\/div>\n\t\t\t\t<\/div>\n\t\t\t\t<\/div>\n\t\t\t\t<\/div>\n\t\t<div class=\"elementor-element elementor-element-5456633 e-con-full e-flex e-con e-child\" data-id=\"5456633\" data-element_type=\"container\" data-settings=\"{&quot;jet_parallax_layout_list&quot;:[]}\">\n\t\t\t\t<div class=\"elementor-element elementor-element-4c6e414 elementor-widget elementor-widget-image\" data-id=\"4c6e414\" data-element_type=\"widget\" data-widget_type=\"image.default\">\n\t\t\t\t<div class=\"elementor-widget-container\">\n\t\t\t\t\t\t\t\t\t\t\t\t\t<img fetchpriority=\"high\" decoding=\"async\" width=\"800\" height=\"800\" src=\"https:\/\/wwwtest.olcgs.org\/wp-content\/uploads\/2024\/01\/Picture-One-1-1024x1024.jpg\" class=\"attachment-large size-large wp-image-5929\" alt=\"\" srcset=\"https:\/\/wwwtest.olcgs.org\/wp-content\/uploads\/2024\/01\/Picture-One-1-1024x1024.jpg 1024w, https:\/\/wwwtest.olcgs.org\/wp-content\/uploads\/2024\/01\/Picture-One-1-300x300.jpg 300w, https:\/\/wwwtest.olcgs.org\/wp-content\/uploads\/2024\/01\/Picture-One-1-150x150.jpg 150w, https:\/\/wwwtest.olcgs.org\/wp-content\/uploads\/2024\/01\/Picture-One-1-768x768.jpg 768w, https:\/\/wwwtest.olcgs.org\/wp-content\/uploads\/2024\/01\/Picture-One-1-650x650.jpg 650w, https:\/\/wwwtest.olcgs.org\/wp-content\/uploads\/2024\/01\/Picture-One-1-1300x1300.jpg 1300w, https:\/\/wwwtest.olcgs.org\/wp-content\/uploads\/2024\/01\/Picture-One-1.jpg 1440w\" sizes=\"(max-width: 800px) 100vw, 800px\" \/>\t\t\t\t\t\t\t\t\t\t\t\t\t<\/div>\n\t\t\t\t<\/div>\n\t\t\t\t<\/div>\n\t\t\t\t\t<\/div>\n\t\t\t\t<\/div>\n\t\t<div class=\"elementor-element elementor-element-083cfe2 e-flex e-con-boxed e-con e-parent\" data-id=\"083cfe2\" data-element_type=\"container\" data-settings=\"{&quot;jet_parallax_layout_list&quot;:[]}\">\n\t\t\t\t\t<div class=\"e-con-inner\">\n\t\t\t\t<div class=\"elementor-element elementor-element-c118c2e elementor-widget elementor-widget-heading\" data-id=\"c118c2e\" data-element_type=\"widget\" data-widget_type=\"heading.default\">\n\t\t\t\t<div class=\"elementor-widget-container\">\n\t\t\t<h2 class=\"elementor-heading-title elementor-size-default\">Convi\u00e9rtete en Partner en la Misi\u00f3n<\/h2>\t\t<\/div>\n\t\t\t\t<\/div>\n\t\t\t\t\t<\/div>\n\t\t\t\t<\/div>\n\t\t<div class=\"elementor-element elementor-element-b8dc2e5 e-flex e-con-boxed e-con e-parent\" data-id=\"b8dc2e5\" data-element_type=\"container\" data-settings=\"{&quot;jet_parallax_layout_list&quot;:[]}\">\n\t\t\t\t\t<div class=\"e-con-inner\">\n\t\t<div class=\"elementor-element elementor-element-57c9102 e-con-full e-flex e-con e-child\" data-id=\"57c9102\" data-element_type=\"container\" data-settings=\"{&quot;jet_parallax_layout_list&quot;:[]}\">\n\t\t\t\t<div class=\"elementor-element elementor-element-8cdbb2c elementor-widget-laptop__width-initial elementor-widget elementor-widget-text-editor\" data-id=\"8cdbb2c\" data-element_type=\"widget\" data-widget_type=\"text-editor.default\">\n\t\t\t\t<div class=\"elementor-widget-container\">\n\t\t\t\t\t\t\t<p>Trabajando juntos, aportamos nuestras habilidades, valores, compromiso y pasi\u00f3n para impulsar nuestro carisma y misi\u00f3n. Nuestro camino compartido ofrece oportunidades para un sentido m\u00e1s profundo de pertenencia, apoyo mutuo en tu vida personal, profesional y comunitaria en general.<\/p><p>Si eres una mujer o un hombre que quiere compartir nuestra misi\u00f3n y formar parte de nuestra red global del Buen Pastor, te invitamos a que te pongas en contacto con tu comunidad o misi\u00f3n m\u00e1s cercanas y preguntes qu\u00e9 oportunidades de compromiso se abren para ti.<\/p>\t\t\t\t\t\t<\/div>\n\t\t\t\t<\/div>\n\t\t\t\t<\/div>\n\t\t<div class=\"elementor-element elementor-element-f2fd145 e-con-full e-flex e-con e-child\" data-id=\"f2fd145\" data-element_type=\"container\" data-settings=\"{&quot;jet_parallax_layout_list&quot;:[]}\">\n\t\t\t\t<div class=\"elementor-element elementor-element-ba0b61a elementor-widget elementor-widget-image\" data-id=\"ba0b61a\" data-element_type=\"widget\" data-widget_type=\"image.default\">\n\t\t\t\t<div class=\"elementor-widget-container\">\n\t\t\t\t\t\t\t\t\t\t\t\t\t<img decoding=\"async\" width=\"800\" height=\"534\" src=\"https:\/\/wwwtest.olcgs.org\/wp-content\/uploads\/2024\/01\/DSC00513-1024x683.jpg\" class=\"attachment-large size-large wp-image-6584\" alt=\"\" srcset=\"https:\/\/wwwtest.olcgs.org\/wp-content\/uploads\/2024\/01\/DSC00513-1024x683.jpg 1024w, https:\/\/wwwtest.olcgs.org\/wp-content\/uploads\/2024\/01\/DSC00513-300x200.jpg 300w, https:\/\/wwwtest.olcgs.org\/wp-content\/uploads\/2024\/01\/DSC00513-768x512.jpg 768w, https:\/\/wwwtest.olcgs.org\/wp-content\/uploads\/2024\/01\/DSC00513-1536x1024.jpg 1536w, https:\/\/wwwtest.olcgs.org\/wp-content\/uploads\/2024\/01\/DSC00513-2048x1365.jpg 2048w, https:\/\/wwwtest.olcgs.org\/wp-content\/uploads\/2024\/01\/DSC00513-18x12.jpg 18w\" sizes=\"(max-width: 800px) 100vw, 800px\" \/>\t\t\t\t\t\t\t\t\t\t\t\t\t<\/div>\n\t\t\t\t<\/div>\n\t\t\t\t<\/div>\n\t\t\t\t\t<\/div>\n\t\t\t\t<\/div>\n\t\t<div class=\"elementor-element elementor-element-25fdbdb elementor-hidden-desktop elementor-hidden-laptop elementor-hidden-tablet elementor-hidden-mobile e-flex e-con-boxed e-con e-parent\" data-id=\"25fdbdb\" data-element_type=\"container\" data-settings=\"{&quot;jet_parallax_layout_list&quot;:[]}\">\n\t\t\t\t\t<div class=\"e-con-inner\">\n\t\t\t\t<div class=\"elementor-element elementor-element-669926d elementor-widget elementor-widget-heading\" data-id=\"669926d\" data-element_type=\"widget\" data-widget_type=\"heading.default\">\n\t\t\t\t<div class=\"elementor-widget-container\">\n\t\t\t<h2 class=\"elementor-heading-title elementor-size-default\">Become a Donor <\/h2>\t\t<\/div>\n\t\t\t\t<\/div>\n\t\t\t\t\t<\/div>\n\t\t\t\t<\/div>\n\t\t<div class=\"elementor-element elementor-element-5c4e0e9 elementor-hidden-desktop elementor-hidden-laptop elementor-hidden-tablet elementor-hidden-mobile e-flex e-con-boxed e-con e-parent\" data-id=\"5c4e0e9\" data-element_type=\"container\" data-settings=\"{&quot;jet_parallax_layout_list&quot;:[]}\">\n\t\t\t\t\t<div class=\"e-con-inner\">\n\t\t<div class=\"elementor-element elementor-element-961c277 e-con-full e-flex e-con e-child\" data-id=\"961c277\" data-element_type=\"container\" data-settings=\"{&quot;jet_parallax_layout_list&quot;:[]}\">\n\t\t\t\t<div class=\"elementor-element elementor-element-75fcc72 elementor-widget elementor-widget-heading\" data-id=\"75fcc72\" data-element_type=\"widget\" data-widget_type=\"heading.default\">\n\t\t\t\t<div class=\"elementor-widget-container\">\n\t\t\t<h2 class=\"elementor-heading-title elementor-size-default\">Haz un donativo al Fondo Central de la Congregaci\u00f3n<\/h2>\t\t<\/div>\n\t\t\t\t<\/div>\n\t\t\t\t<div class=\"elementor-element elementor-element-514aaf3 elementor-widget-laptop__width-initial elementor-widget elementor-widget-text-editor\" data-id=\"514aaf3\" data-element_type=\"widget\" data-widget_type=\"text-editor.default\">\n\t\t\t\t<div class=\"elementor-widget-container\">\n\t\t\t\t\t\t\t<p>Apoya a las comunidades de hermanas que trabajan en algunos de los lugares m\u00e1s necesitados del mundo. Tu donaci\u00f3n tiene un impacto directo en sus esfuerzos diarios por luchar contra la pobreza y la injusticia social en \u00c1frica, Asia y Am\u00e9rica Latina.<\/p><p>Con tu apoyo, las hermanas pueden proporcionar atenci\u00f3n m\u00e9dica esencial a las personas mayores y poner en marcha proyectos comunitarios que suelen ser ignorados por iniciativas de mayor alcance. Tu contribuci\u00f3n se convierte en un faro de esperanza que capacita a estas comunidades para crear un cambio duradero desde dentro.<\/p>\t\t\t\t\t\t<\/div>\n\t\t\t\t<\/div>\n\t\t\t\t<div class=\"elementor-element elementor-element-bcee4d1 elementor-widget elementor-widget-button\" data-id=\"bcee4d1\" data-element_type=\"widget\" data-widget_type=\"button.default\">\n\t\t\t\t<div class=\"elementor-widget-container\">\n\t\t\t\t\t<div class=\"elementor-button-wrapper\">\n\t\t\t<a class=\"elementor-button elementor-button-link elementor-size-sm\" href=\"https:\/\/wwwtest.olcgs.org\/es\/support-our-sisters\/\">\n\t\t\t\t\t\t<span class=\"elementor-button-content-wrapper\">\n\t\t\t\t\t\t\t\t\t<span class=\"elementor-button-text\">DONA A LA SOSTENIBILIDAD DE LA CONGREGACI\u00d3N <\/span>\n\t\t\t\t\t<\/span>\n\t\t\t\t\t<\/a>\n\t\t<\/div>\n\t\t\t\t<\/div>\n\t\t\t\t<\/div>\n\t\t\t\t<\/div>\n\t\t<div class=\"elementor-element elementor-element-0ff4919 e-con-full e-flex e-con e-child\" data-id=\"0ff4919\" data-element_type=\"container\" data-settings=\"{&quot;jet_parallax_layout_list&quot;:[]}\">\n\t\t\t\t<div class=\"elementor-element elementor-element-4466ea1 elementor-widget elementor-widget-image\" data-id=\"4466ea1\" data-element_type=\"widget\" data-widget_type=\"image.default\">\n\t\t\t\t<div class=\"elementor-widget-container\">\n\t\t\t\t\t\t\t\t\t\t\t\t\t<img decoding=\"async\" width=\"800\" height=\"534\" src=\"https:\/\/wwwtest.olcgs.org\/wp-content\/uploads\/2024\/01\/pexels-mikhail-nilov-8923263-1024x683.jpg\" class=\"attachment-large size-large wp-image-6497\" alt=\"\" srcset=\"https:\/\/wwwtest.olcgs.org\/wp-content\/uploads\/2024\/01\/pexels-mikhail-nilov-8923263-1024x683.jpg 1024w, https:\/\/wwwtest.olcgs.org\/wp-content\/uploads\/2024\/01\/pexels-mikhail-nilov-8923263-300x200.jpg 300w, https:\/\/wwwtest.olcgs.org\/wp-content\/uploads\/2024\/01\/pexels-mikhail-nilov-8923263-768x512.jpg 768w, https:\/\/wwwtest.olcgs.org\/wp-content\/uploads\/2024\/01\/pexels-mikhail-nilov-8923263-1536x1024.jpg 1536w, https:\/\/wwwtest.olcgs.org\/wp-content\/uploads\/2024\/01\/pexels-mikhail-nilov-8923263-2048x1365.jpg 2048w, https:\/\/wwwtest.olcgs.org\/wp-content\/uploads\/2024\/01\/pexels-mikhail-nilov-8923263-18x12.jpg 18w\" sizes=\"(max-width: 800px) 100vw, 800px\" \/>\t\t\t\t\t\t\t\t\t\t\t\t\t<\/div>\n\t\t\t\t<\/div>\n\t\t\t\t<\/div>\n\t\t\t\t\t<\/div>\n\t\t\t\t<\/div>\n\t\t<div class=\"elementor-element elementor-element-472fab6 elementor-hidden-desktop elementor-hidden-laptop elementor-hidden-tablet elementor-hidden-mobile e-flex e-con-boxed e-con e-parent\" data-id=\"472fab6\" data-element_type=\"container\" data-settings=\"{&quot;jet_parallax_layout_list&quot;:[]}\">\n\t\t\t\t\t<div class=\"e-con-inner\">\n\t\t\t\t<div class=\"elementor-element elementor-element-1d5571e elementor-widget-divider--view-line elementor-widget elementor-widget-divider\" data-id=\"1d5571e\" data-element_type=\"widget\" data-widget_type=\"divider.default\">\n\t\t\t\t<div class=\"elementor-widget-container\">\n\t\t\t\t\t<div class=\"elementor-divider\">\n\t\t\t<span class=\"elementor-divider-separator\">\n\t\t\t\t\t\t<\/span>\n\t\t<\/div>\n\t\t\t\t<\/div>\n\t\t\t\t<\/div>\n\t\t\t\t\t<\/div>\n\t\t\t\t<\/div>\n\t\t<div class=\"elementor-element elementor-element-6e1e34a elementor-hidden-desktop elementor-hidden-laptop elementor-hidden-tablet elementor-hidden-mobile e-flex e-con-boxed e-con e-parent\" data-id=\"6e1e34a\" data-element_type=\"container\" data-settings=\"{&quot;jet_parallax_layout_list&quot;:[]}\">\n\t\t\t\t\t<div class=\"e-con-inner\">\n\t\t<div class=\"elementor-element elementor-element-ff6127b e-con-full e-flex e-con e-child\" data-id=\"ff6127b\" data-element_type=\"container\" data-settings=\"{&quot;jet_parallax_layout_list&quot;:[]}\">\n\t\t\t\t<div class=\"elementor-element elementor-element-3c4a375 elementor-widget elementor-widget-heading\" data-id=\"3c4a375\" data-element_type=\"widget\" data-widget_type=\"heading.default\">\n\t\t\t\t<div class=\"elementor-widget-container\">\n\t\t\t<h2 class=\"elementor-heading-title elementor-size-default\">Haz un donativo a la Good Shepherd International Foundation<\/h2>\t\t<\/div>\n\t\t\t\t<\/div>\n\t\t\t\t<div class=\"elementor-element elementor-element-42b9d70 elementor-widget-laptop__width-initial elementor-widget elementor-widget-text-editor\" data-id=\"42b9d70\" data-element_type=\"widget\" data-widget_type=\"text-editor.default\">\n\t\t\t\t<div class=\"elementor-widget-container\">\n\t\t\t\t\t\t\t<p>Si quieres apoyar generosamente a la misi\u00f3n global del Buen Pastor y contribuir a sostener y desarrollar nuestros apostolados y proyectos, considera hacer una donaci\u00f3n a trav\u00e9s de la <a href=\"https:\/\/www.olcgs.org\/gsif\/\">Good Shepherd International Foundation (GSIF).<\/a>\u00a0<\/p><p>Formar parte de esta misi\u00f3n de esta manera nos ayudar\u00e1 a seguir apoyando programas que empoderan a ni\u00f1as, mujeres y ni\u00f1os que viven en la pobreza, son explotados, maltratados, discriminados, v\u00edctimas del tr\u00e1fico de personas o forzados a emigrar.<\/p>\t\t\t\t\t\t<\/div>\n\t\t\t\t<\/div>\n\t\t\t\t<div class=\"elementor-element elementor-element-cdf2236 elementor-widget elementor-widget-button\" data-id=\"cdf2236\" data-element_type=\"widget\" data-widget_type=\"button.default\">\n\t\t\t\t<div class=\"elementor-widget-container\">\n\t\t\t\t\t<div class=\"elementor-button-wrapper\">\n\t\t\t<a class=\"elementor-button elementor-button-link elementor-size-sm\" href=\"https:\/\/www.gsif.it\/donate\" target=\"_blank\">\n\t\t\t\t\t\t<span class=\"elementor-button-content-wrapper\">\n\t\t\t\t\t\t\t\t\t<span class=\"elementor-button-text\">Dona a la Misi\u00f3n del Buen Pastor<\/span>\n\t\t\t\t\t<\/span>\n\t\t\t\t\t<\/a>\n\t\t<\/div>\n\t\t\t\t<\/div>\n\t\t\t\t<\/div>\n\t\t\t\t<\/div>\n\t\t<div class=\"elementor-element elementor-element-3ab34da e-con-full e-flex e-con e-child\" data-id=\"3ab34da\" data-element_type=\"container\" data-settings=\"{&quot;jet_parallax_layout_list&quot;:[]}\">\n\t\t\t\t<div class=\"elementor-element elementor-element-c8de25a elementor-widget elementor-widget-image\" data-id=\"c8de25a\" data-element_type=\"widget\" data-widget_type=\"image.default\">\n\t\t\t\t<div class=\"elementor-widget-container\">\n\t\t\t\t\t\t\t\t\t\t\t\t\t<img loading=\"lazy\" decoding=\"async\" width=\"800\" height=\"534\" src=\"https:\/\/wwwtest.olcgs.org\/wp-content\/uploads\/2023\/11\/DSC00908-1024x683.jpg\" class=\"attachment-large size-large wp-image-3050\" alt=\"\" srcset=\"https:\/\/wwwtest.olcgs.org\/wp-content\/uploads\/2023\/11\/DSC00908-1024x683.jpg 1024w, https:\/\/wwwtest.olcgs.org\/wp-content\/uploads\/2023\/11\/DSC00908-300x200.jpg 300w, https:\/\/wwwtest.olcgs.org\/wp-content\/uploads\/2023\/11\/DSC00908-768x512.jpg 768w, https:\/\/wwwtest.olcgs.org\/wp-content\/uploads\/2023\/11\/DSC00908-1536x1024.jpg 1536w, https:\/\/wwwtest.olcgs.org\/wp-content\/uploads\/2023\/11\/DSC00908-2048x1365.jpg 2048w\" sizes=\"(max-width: 800px) 100vw, 800px\" \/>\t\t\t\t\t\t\t\t\t\t\t\t\t<\/div>\n\t\t\t\t<\/div>\n\t\t\t\t<\/div>\n\t\t\t\t\t<\/div>\n\t\t\t\t<\/div>\n\t\t\t\t<\/div>","protected":false},"excerpt":{"rendered":"<p>Get Involved Home Become a Sister Are you a woman drawn to devote your life to the mission of Our Lady of Charity of the Good Shepherd? Can your prayer or action be a source of strength for those we serve? You can be an inspiration and agent of positive change through our ministries in [&hellip;]<\/p>\n","protected":false},"author":1,"featured_media":0,"parent":0,"menu_order":0,"comment_status":"closed","ping_status":"closed","template":"elementor_header_footer","meta":{"footnotes":""},"class_list":["post-4125","page","type-page","status-publish","hentry"],"_links":{"self":[{"href":"https:\/\/wwwtest.olcgs.org\/es\/wp-json\/wp\/v2\/pages\/4125","targetHints":{"allow":["GET"]}}],"collection":[{"href":"https:\/\/wwwtest.olcgs.org\/es\/wp-json\/wp\/v2\/pages"}],"about":[{"href":"https:\/\/wwwtest.olcgs.org\/es\/wp-json\/wp\/v2\/types\/page"}],"author":[{"embeddable":true,"href":"https:\/\/wwwtest.olcgs.org\/es\/wp-json\/wp\/v2\/users\/1"}],"replies":[{"embeddable":true,"href":"https:\/\/wwwtest.olcgs.org\/es\/wp-json\/wp\/v2\/comments?post=4125"}],"version-history":[{"count":90,"href":"https:\/\/wwwtest.olcgs.org\/es\/wp-json\/wp\/v2\/pages\/4125\/revisions"}],"predecessor-version":[{"id":8403,"href":"https:\/\/wwwtest.olcgs.org\/es\/wp-json\/wp\/v2\/pages\/4125\/revisions\/8403"}],"wp:attachment":[{"href":"https:\/\/wwwtest.olcgs.org\/es\/wp-json\/wp\/v2\/media?parent=4125"}],"curies":[{"name":"wp","href":"https:\/\/api.w.org\/{rel}","templated":true}]}}